{"id":15471,"date":"2023-11-04T02:32:19","date_gmt":"2023-11-04T01:32:19","guid":{"rendered":"http:\/\/innocentiemangonipiante.it\/prunus-laurocerasus-otto-luyken\/"},"modified":"2023-11-06T19:40:23","modified_gmt":"2023-11-06T18:40:23","slug":"prunus-laurocerasus-otto-luyken","status":"publish","type":"product","link":"https:\/\/innocentiemangonipiante.it\/de\/prunus-laurocerasus-otto-luyken\/","title":{"rendered":"PRUNUS laurocerasus &#8218;Otto Luyken&#8216;"},"content":{"rendered":"<p>Immergr\u00fcner Strauch mit dichtem Astwerk und langsamem Wachstum. Die wechselst\u00e4ndigen, schmalen und spitz zulaufenden Bl\u00e4tter werden bis 10 cm lang und sind dunkelgr\u00fcn. Wei\u00dfe Bl\u00fcten, die in aufrechten 12 cm langen Trauben gruppiert sind, sprie\u00dfen von Mai bis Juni oft erfolgt eine zweite Bl\u00fcte im Herbst.<\/p>\n","protected":false},"excerpt":{"rendered":"<p>Immergr\u00fcner Strauch mit dichtem Astwerk und langsamem Wachstum. Die wechselst\u00e4ndigen, schmalen und spitz zulaufenden Bl\u00e4tter werden bis 10 cm lang und sind dunkelgr\u00fcn. Wei\u00dfe Bl\u00fcten, die in aufrechten 12 cm langen Trauben gruppiert sind, sprie\u00dfen von Mai bis Juni oft erfolgt eine zweite Bl\u00fcte im Herbst.<\/p>\n","protected":false},"featured_media":4903,"template":"","meta":{"_acf_changed":false},"product_brand":[],"product_cat":[8813],"product_tag":[10898,8565,8705],"class_list":{"0":"post-15471","1":"product","2":"type-product","3":"status-publish","4":"has-post-thumbnail","6":"product_cat-laubbaume-und-straucher","7":"product_tag-naturlichen","8":"product_tag-halbstamm","9":"product_tag-kugel","10":"pa_altezza-massima-200-de","11":"pa_altezza-massima-300-de","12":"pa_colore-fioritura-weis","13":"pa_condizionamento-clt-de","14":"pa_famiglia-rosaceae-de","15":"pa_genere-prunus-de","16":"pa_inquinamento-bestaendigkeit-gegen-smog","17":"pa_origine-holland-de","18":"pa_periodo-fioritura-juni","19":"pa_periodo-fioritura-mai-de","20":"pa_periodo-fioritura-oktober","21":"pa_portamento-arrotondato-de","22":"pa_profumo-zart","23":"pa_resistenza-climatica-sehr-hoch","24":"pa_resistenza-del-suolo-bestandig-gegen-kalkhaltige-boden","25":"pa_salinita-bestaendigkeit-in-meeresluft","26":"pa_utilizzo-hecken","27":"pa_utilizzo-kleine-gaerten","29":"first","30":"instock","31":"purchasable","32":"product-type-simple"},"acf":[],"_links":{"self":[{"href":"https:\/\/innocentiemangonipiante.it\/de\/wp-json\/wp\/v2\/product\/15471","targetHints":{"allow":["GET"]}}],"collection":[{"href":"https:\/\/innocentiemangonipiante.it\/de\/wp-json\/wp\/v2\/product"}],"about":[{"href":"https:\/\/innocentiemangonipiante.it\/de\/wp-json\/wp\/v2\/types\/product"}],"wp:featuredmedia":[{"embeddable":true,"href":"https:\/\/innocentiemangonipiante.it\/de\/wp-json\/wp\/v2\/media\/4903"}],"wp:attachment":[{"href":"https:\/\/innocentiemangonipiante.it\/de\/wp-json\/wp\/v2\/media?parent=15471"}],"wp:term":[{"taxonomy":"product_brand","embeddable":true,"href":"https:\/\/innocentiemangonipiante.it\/de\/wp-json\/wp\/v2\/product_brand?post=15471"},{"taxonomy":"product_cat","embeddable":true,"href":"https:\/\/innocentiemangonipiante.it\/de\/wp-json\/wp\/v2\/product_cat?post=15471"},{"taxonomy":"product_tag","embeddable":true,"href":"https:\/\/innocentiemangonipiante.it\/de\/wp-json\/wp\/v2\/product_tag?post=15471"}],"curies":[{"name":"wp","href":"https:\/\/api.w.org\/{rel}","templated":true}]}}