{"id":15472,"date":"2023-11-04T02:32:01","date_gmt":"2023-11-04T01:32:01","guid":{"rendered":"http:\/\/innocentiemangonipiante.it\/prunus-laurocerasus-novita\/"},"modified":"2023-11-06T19:39:41","modified_gmt":"2023-11-06T18:39:41","slug":"prunus-laurocerasus-novita","status":"publish","type":"product","link":"https:\/\/innocentiemangonipiante.it\/de\/prunus-laurocerasus-novita\/","title":{"rendered":"PRUNUS laurocerasus &#8218;Novita&#8216;"},"content":{"rendered":"<p>Aufrechter Wuchs, dunkelgr\u00fcne Bl\u00e4tter mit sichtbaren Blatt\u00e4derungen. Sehr widerst\u00e4ndig gegen Mehltau.<\/p>\n","protected":false},"excerpt":{"rendered":"<p>Aufrechter Wuchs, dunkelgr\u00fcne Bl\u00e4tter mit sichtbaren Blatt\u00e4derungen. Sehr widerst\u00e4ndig gegen Mehltau.<\/p>\n","protected":false},"featured_media":4897,"template":"","meta":{"_acf_changed":false},"product_brand":[],"product_cat":[8813],"product_tag":[10898,8565,8581,8401,8425,8705],"class_list":{"0":"post-15472","1":"product","2":"type-product","3":"status-publish","4":"has-post-thumbnail","6":"product_cat-laubbaume-und-straucher","7":"product_tag-naturlichen","8":"product_tag-halbstamm","9":"product_tag-halbstamm-spalier","10":"product_tag-hochstamm","11":"product_tag-hochstamm-spalier","12":"product_tag-kugel","13":"pa_altezza-massima-400-de","14":"pa_altezza-massima-600-de","15":"pa_colore-fioritura-weis","16":"pa_condizionamento-clt-de","17":"pa_condizionamento-jungplanzen","18":"pa_condizionamento-m-de","19":"pa_famiglia-rosaceae-de","20":"pa_genere-prunus-de","21":"pa_inquinamento-bestaendigkeit-gegen-smog","22":"pa_origine-italien","23":"pa_periodo-fioritura-april-de","24":"pa_periodo-fioritura-mai-de","25":"pa_portamento-saulenformig","26":"pa_resistenza-climatica-sehr-hoch","27":"pa_resistenza-del-suolo-bestandig-gegen-kalkhaltige-boden","28":"pa_salinita-bestaendigkeit-in-meeresluft","29":"pa_utilizzo-hecken","30":"pa_utilizzo-kleine-gaerten","31":"pa_utilizzo-parks-de","33":"first","34":"instock","35":"purchasable","36":"product-type-simple"},"acf":[],"_links":{"self":[{"href":"https:\/\/innocentiemangonipiante.it\/de\/wp-json\/wp\/v2\/product\/15472","targetHints":{"allow":["GET"]}}],"collection":[{"href":"https:\/\/innocentiemangonipiante.it\/de\/wp-json\/wp\/v2\/product"}],"about":[{"href":"https:\/\/innocentiemangonipiante.it\/de\/wp-json\/wp\/v2\/types\/product"}],"wp:featuredmedia":[{"embeddable":true,"href":"https:\/\/innocentiemangonipiante.it\/de\/wp-json\/wp\/v2\/media\/4897"}],"wp:attachment":[{"href":"https:\/\/innocentiemangonipiante.it\/de\/wp-json\/wp\/v2\/media?parent=15472"}],"wp:term":[{"taxonomy":"product_brand","embeddable":true,"href":"https:\/\/innocentiemangonipiante.it\/de\/wp-json\/wp\/v2\/product_brand?post=15472"},{"taxonomy":"product_cat","embeddable":true,"href":"https:\/\/innocentiemangonipiante.it\/de\/wp-json\/wp\/v2\/product_cat?post=15472"},{"taxonomy":"product_tag","embeddable":true,"href":"https:\/\/innocentiemangonipiante.it\/de\/wp-json\/wp\/v2\/product_tag?post=15472"}],"curies":[{"name":"wp","href":"https:\/\/api.w.org\/{rel}","templated":true}]}}