{"id":15473,"date":"2023-11-04T02:31:47","date_gmt":"2023-11-04T01:31:47","guid":{"rendered":"http:\/\/innocentiemangonipiante.it\/prunus-laurocerasus-latifolia\/"},"modified":"2023-11-06T19:39:35","modified_gmt":"2023-11-06T18:39:35","slug":"prunus-laurocerasus-latifolia","status":"publish","type":"product","link":"https:\/\/innocentiemangonipiante.it\/de\/prunus-laurocerasus-latifolia\/","title":{"rendered":"PRUNUS laurocerasus &#8218;Latifolia&#8216;"},"content":{"rendered":"<p>Immergr\u00fcner Strauch dichter und buschiger Erscheinung. Die l\u00e4nglichen, gl\u00e4nzenden Bl\u00e4tter sind dunkelgr\u00fcn auf der Oberseite und hellgr\u00fcn auf der Unterseite. Ab Mitte Fr\u00fchjahr bl\u00fchen kelchf\u00f6rmige wei\u00dfe und duftenden Bl\u00fcten, aus denen schwarze Beeren hervorgehen.<\/p>\n","protected":false},"excerpt":{"rendered":"<p>Immergr\u00fcner Strauch dichter und buschiger Erscheinung. Die l\u00e4nglichen, gl\u00e4nzenden Bl\u00e4tter sind dunkelgr\u00fcn auf der Oberseite und hellgr\u00fcn auf der Unterseite. Ab Mitte Fr\u00fchjahr bl\u00fchen kelchf\u00f6rmige wei\u00dfe und duftenden Bl\u00fcten, aus denen schwarze Beeren hervorgehen.<\/p>\n","protected":false},"featured_media":4891,"template":"","meta":{"_acf_changed":false},"product_brand":[],"product_cat":[8813],"product_tag":[10898],"class_list":{"0":"post-15473","1":"product","2":"type-product","3":"status-publish","4":"has-post-thumbnail","6":"product_cat-laubbaume-und-straucher","7":"product_tag-naturlichen","8":"pa_altezza-massima-500-de","9":"pa_altezza-massima-800-de","10":"pa_colore-fioritura-weis","11":"pa_famiglia-rosaceae-de","12":"pa_genere-prunus-de","13":"pa_inquinamento-bestaendigkeit-gegen-smog","14":"pa_origine-sudeuropa-de","15":"pa_periodo-fioritura-mai-de","16":"pa_periodo-fruttificazione-juli","17":"pa_portamento-arrotondato-de","18":"pa_profumo-zart","19":"pa_resistenza-climatica-sehr-hoch","20":"pa_resistenza-del-suolo-bestandig-gegen-kalkhaltige-boden","21":"pa_salinita-bestaendigkeit-in-meeresluft","22":"pa_utilizzo-hecken","23":"pa_utilizzo-kleine-gaerten","24":"pa_utilizzo-parks-de","26":"first","27":"instock","28":"purchasable","29":"product-type-simple"},"acf":[],"_links":{"self":[{"href":"https:\/\/innocentiemangonipiante.it\/de\/wp-json\/wp\/v2\/product\/15473","targetHints":{"allow":["GET"]}}],"collection":[{"href":"https:\/\/innocentiemangonipiante.it\/de\/wp-json\/wp\/v2\/product"}],"about":[{"href":"https:\/\/innocentiemangonipiante.it\/de\/wp-json\/wp\/v2\/types\/product"}],"wp:featuredmedia":[{"embeddable":true,"href":"https:\/\/innocentiemangonipiante.it\/de\/wp-json\/wp\/v2\/media\/4891"}],"wp:attachment":[{"href":"https:\/\/innocentiemangonipiante.it\/de\/wp-json\/wp\/v2\/media?parent=15473"}],"wp:term":[{"taxonomy":"product_brand","embeddable":true,"href":"https:\/\/innocentiemangonipiante.it\/de\/wp-json\/wp\/v2\/product_brand?post=15473"},{"taxonomy":"product_cat","embeddable":true,"href":"https:\/\/innocentiemangonipiante.it\/de\/wp-json\/wp\/v2\/product_cat?post=15473"},{"taxonomy":"product_tag","embeddable":true,"href":"https:\/\/innocentiemangonipiante.it\/de\/wp-json\/wp\/v2\/product_tag?post=15473"}],"curies":[{"name":"wp","href":"https:\/\/api.w.org\/{rel}","templated":true}]}}