{"id":15475,"date":"2023-11-04T02:31:19","date_gmt":"2023-11-04T01:31:19","guid":{"rendered":"http:\/\/innocentiemangonipiante.it\/prunus-laurocerasus-etna\/"},"modified":"2023-11-06T19:39:20","modified_gmt":"2023-11-06T18:39:20","slug":"prunus-laurocerasus-etna","status":"publish","type":"product","link":"https:\/\/innocentiemangonipiante.it\/de\/prunus-laurocerasus-etna\/","title":{"rendered":"PRUNUS laurocerasus &#8218;Etna&#8216; \u00ae"},"content":{"rendered":"<p>Immergr\u00fcner aufrechter Strauch oder Baum, langsames Wachstum, leuchtende gr\u00fcne Bl\u00e4tter, 15 bis 18 cm lang. Im April-Mai wei\u00dfe Bl\u00fcten, die in Trauben gruppiert sind, Winterhart.<\/p>\n","protected":false},"excerpt":{"rendered":"<p>Immergr\u00fcner aufrechter Strauch oder Baum, langsames Wachstum, leuchtende gr\u00fcne Bl\u00e4tter, 15 bis 18 cm lang. Im April-Mai wei\u00dfe Bl\u00fcten, die in Trauben gruppiert sind, Winterhart.<\/p>\n","protected":false},"featured_media":4879,"template":"","meta":{"_acf_changed":false},"product_brand":[],"product_cat":[8813],"product_tag":[10898],"class_list":{"0":"post-15475","1":"product","2":"type-product","3":"status-publish","4":"has-post-thumbnail","6":"product_cat-laubbaume-und-straucher","7":"product_tag-naturlichen","8":"pa_altezza-massima-200-de","9":"pa_altezza-massima-300-de","10":"pa_condizionamento-clt-de","11":"pa_famiglia-rosaceae-de","12":"pa_genere-prunus-de","13":"pa_inquinamento-bestaendigkeit-gegen-smog","14":"pa_origine-frankreich","15":"pa_portamento-arrotondato-de","16":"pa_resistenza-climatica-sehr-hoch","17":"pa_resistenza-del-suolo-bestandig-gegen-kalkhaltige-boden","18":"pa_salinita-bestaendigkeit-in-meeresluft","19":"pa_utilizzo-hecken","20":"pa_utilizzo-kleine-gaerten","21":"pa_utilizzo-parks-de","23":"first","24":"instock","25":"purchasable","26":"product-type-simple"},"acf":[],"_links":{"self":[{"href":"https:\/\/innocentiemangonipiante.it\/de\/wp-json\/wp\/v2\/product\/15475","targetHints":{"allow":["GET"]}}],"collection":[{"href":"https:\/\/innocentiemangonipiante.it\/de\/wp-json\/wp\/v2\/product"}],"about":[{"href":"https:\/\/innocentiemangonipiante.it\/de\/wp-json\/wp\/v2\/types\/product"}],"wp:featuredmedia":[{"embeddable":true,"href":"https:\/\/innocentiemangonipiante.it\/de\/wp-json\/wp\/v2\/media\/4879"}],"wp:attachment":[{"href":"https:\/\/innocentiemangonipiante.it\/de\/wp-json\/wp\/v2\/media?parent=15475"}],"wp:term":[{"taxonomy":"product_brand","embeddable":true,"href":"https:\/\/innocentiemangonipiante.it\/de\/wp-json\/wp\/v2\/product_brand?post=15475"},{"taxonomy":"product_cat","embeddable":true,"href":"https:\/\/innocentiemangonipiante.it\/de\/wp-json\/wp\/v2\/product_cat?post=15475"},{"taxonomy":"product_tag","embeddable":true,"href":"https:\/\/innocentiemangonipiante.it\/de\/wp-json\/wp\/v2\/product_tag?post=15475"}],"curies":[{"name":"wp","href":"https:\/\/api.w.org\/{rel}","templated":true}]}}