{"id":15476,"date":"2023-11-04T02:35:58","date_gmt":"2023-11-04T01:35:58","guid":{"rendered":"http:\/\/innocentiemangonipiante.it\/prunus-x-hillieri-spire\/"},"modified":"2023-11-06T19:42:55","modified_gmt":"2023-11-06T18:42:55","slug":"prunus-x-hillieri-spire","status":"publish","type":"product","link":"https:\/\/innocentiemangonipiante.it\/de\/prunus-x-hillieri-spire\/","title":{"rendered":"PRUNUS x hillieri &#8218;Spire&#8216;"},"content":{"rendered":"<p>Einer der sch\u00f6nsten kleinen Stra\u00dfenb\u00e4ume, und ist auch in Parks und G\u00e4rten ausgezeichnet. Mit seinen schmalen, aufrechten Wuchs und Perfusion von rosa Bl\u00fcten, es ist ideal f\u00fcr die meisten Orte, an denen der Platz begrenzt ist.<\/p>\n","protected":false},"excerpt":{"rendered":"<p>Einer der sch\u00f6nsten kleinen Stra\u00dfenb\u00e4ume, und ist auch in Parks und G\u00e4rten ausgezeichnet. Mit seinen schmalen, aufrechten Wuchs und Perfusion von rosa Bl\u00fcten, es ist ideal f\u00fcr die meisten Orte, an denen der Platz begrenzt ist.<\/p>\n","protected":false},"featured_media":24090,"template":"","meta":{"_acf_changed":false},"product_brand":[],"product_cat":[8813],"product_tag":[10898,8401],"class_list":{"0":"post-15476","1":"product","2":"type-product","3":"status-publish","4":"has-post-thumbnail","6":"product_cat-laubbaume-und-straucher","7":"product_tag-naturlichen","8":"product_tag-hochstamm","9":"pa_altezza-massima-800-de","10":"pa_altezza-massima-1000-de-2","11":"pa_colore-fioritura-rose-de","12":"pa_condizionamento-m-de","13":"pa_famiglia-rosaceae-de","14":"pa_genere-prunus-de","15":"pa_origine-england-de","16":"pa_periodo-fioritura-april-de","17":"pa_portamento-conico-de","18":"pa_profumo-zart","19":"pa_resistenza-climatica-mittel-hoch","20":"pa_utilizzo-alleen","21":"pa_utilizzo-kleine-gaerten","22":"pa_utilizzo-parks-de","24":"first","25":"instock","26":"purchasable","27":"product-type-simple"},"acf":[],"_links":{"self":[{"href":"https:\/\/innocentiemangonipiante.it\/de\/wp-json\/wp\/v2\/product\/15476","targetHints":{"allow":["GET"]}}],"collection":[{"href":"https:\/\/innocentiemangonipiante.it\/de\/wp-json\/wp\/v2\/product"}],"about":[{"href":"https:\/\/innocentiemangonipiante.it\/de\/wp-json\/wp\/v2\/types\/product"}],"wp:featuredmedia":[{"embeddable":true,"href":"https:\/\/innocentiemangonipiante.it\/de\/wp-json\/wp\/v2\/media\/24090"}],"wp:attachment":[{"href":"https:\/\/innocentiemangonipiante.it\/de\/wp-json\/wp\/v2\/media?parent=15476"}],"wp:term":[{"taxonomy":"product_brand","embeddable":true,"href":"https:\/\/innocentiemangonipiante.it\/de\/wp-json\/wp\/v2\/product_brand?post=15476"},{"taxonomy":"product_cat","embeddable":true,"href":"https:\/\/innocentiemangonipiante.it\/de\/wp-json\/wp\/v2\/product_cat?post=15476"},{"taxonomy":"product_tag","embeddable":true,"href":"https:\/\/innocentiemangonipiante.it\/de\/wp-json\/wp\/v2\/product_tag?post=15476"}],"curies":[{"name":"wp","href":"https:\/\/api.w.org\/{rel}","templated":true}]}}