{"id":15477,"date":"2023-11-04T02:30:57","date_gmt":"2023-11-04T01:30:57","guid":{"rendered":"http:\/\/innocentiemangonipiante.it\/prunus-fruticosa-globosa\/"},"modified":"2023-11-06T19:39:10","modified_gmt":"2023-11-06T18:39:10","slug":"prunus-fruticosa-globosa","status":"publish","type":"product","link":"https:\/\/innocentiemangonipiante.it\/de\/prunus-fruticosa-globosa\/","title":{"rendered":"PRUNUS fruticosa &#8218;Globosa&#8216;"},"content":{"rendered":"<p>Kleiner sommergr\u00fcner und rundlicher Baum, sehr dicht und kompakt. Die wechselst\u00e4ndigen, meist elliptischen dunkelgr\u00fcnen Bl\u00e4tter werden 4-5 cm lang. Im Mai-April sprie\u00dfen Gruppen von 2-4 wei\u00dfen Bl\u00fcten.<\/p>\n","protected":false},"excerpt":{"rendered":"<p>Kleiner sommergr\u00fcner und rundlicher Baum, sehr dicht und kompakt. Die wechselst\u00e4ndigen, meist elliptischen dunkelgr\u00fcnen Bl\u00e4tter werden 4-5 cm lang. Im Mai-April sprie\u00dfen Gruppen von 2-4 wei\u00dfen Bl\u00fcten.<\/p>\n","protected":false},"featured_media":4873,"template":"","meta":{"_acf_changed":false},"product_brand":[],"product_cat":[8813],"product_tag":[10898,8401],"class_list":{"0":"post-15477","1":"product","2":"type-product","3":"status-publish","4":"has-post-thumbnail","6":"product_cat-laubbaume-und-straucher","7":"product_tag-naturlichen","8":"product_tag-hochstamm","9":"pa_altezza-massima-300-de","10":"pa_altezza-massima-400-de","11":"pa_colore-fioritura-weis","12":"pa_condizionamento-clt-de","13":"pa_condizionamento-m-de","14":"pa_famiglia-rosaceae-de","15":"pa_genere-prunus-de","16":"pa_inquinamento-bestaendigkeit-gegen-smog","17":"pa_origine-osteuropa","18":"pa_periodo-fioritura-april-de","19":"pa_periodo-fioritura-mai-de","20":"pa_portamento-arrotondato-de","21":"pa_profumo-zart","22":"pa_resistenza-climatica-sehr-hoch","23":"pa_resistenza-del-suolo-bestandig-gegen-kalkhaltige-boden","24":"pa_resistenza-del-suolo-bestandig-gegen-trockene-boden","25":"pa_utilizzo-alleen","26":"pa_utilizzo-kleine-gaerten","28":"first","29":"instock","30":"purchasable","31":"product-type-simple"},"acf":[],"_links":{"self":[{"href":"https:\/\/innocentiemangonipiante.it\/de\/wp-json\/wp\/v2\/product\/15477","targetHints":{"allow":["GET"]}}],"collection":[{"href":"https:\/\/innocentiemangonipiante.it\/de\/wp-json\/wp\/v2\/product"}],"about":[{"href":"https:\/\/innocentiemangonipiante.it\/de\/wp-json\/wp\/v2\/types\/product"}],"wp:featuredmedia":[{"embeddable":true,"href":"https:\/\/innocentiemangonipiante.it\/de\/wp-json\/wp\/v2\/media\/4873"}],"wp:attachment":[{"href":"https:\/\/innocentiemangonipiante.it\/de\/wp-json\/wp\/v2\/media?parent=15477"}],"wp:term":[{"taxonomy":"product_brand","embeddable":true,"href":"https:\/\/innocentiemangonipiante.it\/de\/wp-json\/wp\/v2\/product_brand?post=15477"},{"taxonomy":"product_cat","embeddable":true,"href":"https:\/\/innocentiemangonipiante.it\/de\/wp-json\/wp\/v2\/product_cat?post=15477"},{"taxonomy":"product_tag","embeddable":true,"href":"https:\/\/innocentiemangonipiante.it\/de\/wp-json\/wp\/v2\/product_tag?post=15477"}],"curies":[{"name":"wp","href":"https:\/\/api.w.org\/{rel}","templated":true}]}}