{"id":15478,"date":"2023-11-04T02:30:48","date_gmt":"2023-11-04T01:30:48","guid":{"rendered":"http:\/\/innocentiemangonipiante.it\/prunus-dulcis\/"},"modified":"2023-11-06T19:39:04","modified_gmt":"2023-11-06T18:39:04","slug":"prunus-dulcis","status":"publish","type":"product","link":"https:\/\/innocentiemangonipiante.it\/de\/prunus-dulcis\/","title":{"rendered":"PRUNUS dulcis"},"content":{"rendered":"<p>Kleiner Baum bis 5 Meter hoch. Sch\u00f6ner gerader Stamm im jungen Alter, dann wird er in \u00e4lteren B\u00e4umen unregelm\u00e4\u00dfig und die Rinde rissig. Lanzzettliche, bis 12cm langen Bl\u00e4tter. Im JanuarFebruar produziert er weisse leicht-rosafarbige Bl\u00fcten.<\/p>\n","protected":false},"excerpt":{"rendered":"<p>Kleiner Baum bis 5 Meter hoch. Sch\u00f6ner gerader Stamm im jungen Alter, dann wird er in \u00e4lteren B\u00e4umen unregelm\u00e4\u00dfig und die Rinde rissig. Lanzzettliche, bis 12cm langen Bl\u00e4tter. Im JanuarFebruar produziert er weisse leicht-rosafarbige Bl\u00fcten.<\/p>\n","protected":false},"featured_media":4867,"template":"","meta":{"_acf_changed":false},"product_brand":[],"product_cat":[8813,9231],"product_tag":[10898,8401],"class_list":{"0":"post-15478","1":"product","2":"type-product","3":"status-publish","4":"has-post-thumbnail","6":"product_cat-laubbaume-und-straucher","7":"product_cat-baume-und-pflanzen-der-zukunft","8":"product_tag-naturlichen","9":"product_tag-hochstamm","10":"pa_altezza-massima-300-de","11":"pa_altezza-massima-500-de","12":"pa_colore-fioritura-weis","13":"pa_condizionamento-clt-de","14":"pa_condizionamento-m-de","15":"pa_famiglia-rosaceae-de","16":"pa_genere-prunus-de","17":"pa_origine-balkans-de","18":"pa_periodo-fioritura-februar","19":"pa_periodo-fioritura-januar","20":"pa_periodo-fruttificazione-august-de","21":"pa_periodo-fruttificazione-september-de","22":"pa_portamento-arrotondato-de","23":"pa_resistenza-climatica-mittel-hoch","24":"pa_resistenza-del-suolo-bestandig-gegen-trockene-boden","25":"pa_resistenza-del-suolo-resistent-gegen-arme-boeden","26":"pa_utilizzo-kleine-gaerten","28":"first","29":"instock","30":"purchasable","31":"product-type-simple"},"acf":[],"_links":{"self":[{"href":"https:\/\/innocentiemangonipiante.it\/de\/wp-json\/wp\/v2\/product\/15478","targetHints":{"allow":["GET"]}}],"collection":[{"href":"https:\/\/innocentiemangonipiante.it\/de\/wp-json\/wp\/v2\/product"}],"about":[{"href":"https:\/\/innocentiemangonipiante.it\/de\/wp-json\/wp\/v2\/types\/product"}],"wp:featuredmedia":[{"embeddable":true,"href":"https:\/\/innocentiemangonipiante.it\/de\/wp-json\/wp\/v2\/media\/4867"}],"wp:attachment":[{"href":"https:\/\/innocentiemangonipiante.it\/de\/wp-json\/wp\/v2\/media?parent=15478"}],"wp:term":[{"taxonomy":"product_brand","embeddable":true,"href":"https:\/\/innocentiemangonipiante.it\/de\/wp-json\/wp\/v2\/product_brand?post=15478"},{"taxonomy":"product_cat","embeddable":true,"href":"https:\/\/innocentiemangonipiante.it\/de\/wp-json\/wp\/v2\/product_cat?post=15478"},{"taxonomy":"product_tag","embeddable":true,"href":"https:\/\/innocentiemangonipiante.it\/de\/wp-json\/wp\/v2\/product_tag?post=15478"}],"curies":[{"name":"wp","href":"https:\/\/api.w.org\/{rel}","templated":true}]}}