{"id":15479,"date":"2023-11-04T02:30:42","date_gmt":"2023-11-04T01:30:42","guid":{"rendered":"http:\/\/innocentiemangonipiante.it\/prunus-cerasifera-nigra\/"},"modified":"2023-11-06T19:39:00","modified_gmt":"2023-11-06T18:39:00","slug":"prunus-cerasifera-nigra","status":"publish","type":"product","link":"https:\/\/innocentiemangonipiante.it\/de\/prunus-cerasifera-nigra\/","title":{"rendered":"PRUNUS cerasifera &#8218;Nigra&#8216;"},"content":{"rendered":"<p>Kleiner sommergr\u00fcner Baum oder Strauch, zun\u00e4chst mit kegelf\u00f6rmigem und aufrechtem Wuchs, der im Laufe der Jahre rundlich wird. Die wechselst\u00e4ndigen, elliptisch-eif\u00f6rmigen Bl\u00e4tter haben eine braune bis dunkel purpurote Farbe. Leuchtend rosa Bl\u00fcten mit einem Durchmesser von 2 cm erbl\u00fchen vor dem Blattwuchs.<\/p>\n","protected":false},"excerpt":{"rendered":"<p>Kleiner sommergr\u00fcner Baum oder Strauch, zun\u00e4chst mit kegelf\u00f6rmigem und aufrechtem Wuchs, der im Laufe der Jahre rundlich wird. Die wechselst\u00e4ndigen, elliptisch-eif\u00f6rmigen Bl\u00e4tter haben eine braune bis dunkel purpurote Farbe. Leuchtend rosa Bl\u00fcten mit einem Durchmesser von 2 cm erbl\u00fchen vor dem Blattwuchs.<\/p>\n","protected":false},"featured_media":4861,"template":"","meta":{"_acf_changed":false},"product_brand":[],"product_cat":[8813,9231],"product_tag":[10898,8565,8401],"class_list":{"0":"post-15479","1":"product","2":"type-product","3":"status-publish","4":"has-post-thumbnail","6":"product_cat-laubbaume-und-straucher","7":"product_cat-baume-und-pflanzen-der-zukunft","8":"product_tag-naturlichen","9":"product_tag-halbstamm","10":"product_tag-hochstamm","11":"pa_altezza-massima-800-de","12":"pa_altezza-massima-1000-de-2","13":"pa_colore-delle-foglie-roten","14":"pa_colore-fioritura-rose-de","15":"pa_condizionamento-clt-de","16":"pa_condizionamento-m-de","17":"pa_famiglia-rosaceae-de","18":"pa_genere-prunus-de","19":"pa_inquinamento-bestaendigkeit-gegen-smog","20":"pa_origine-asien","21":"pa_periodo-fioritura-april-de","22":"pa_portamento-arrotondato-de","23":"pa_profumo-zart","24":"pa_resistenza-climatica-sehr-hoch","25":"pa_resistenza-del-suolo-bestandig-gegen-kalkhaltige-boden","26":"pa_resistenza-del-suolo-bestandig-gegen-trockene-boden","27":"pa_utilizzo-alleen","28":"pa_utilizzo-kleine-gaerten","30":"first","31":"instock","32":"purchasable","33":"product-type-simple"},"acf":[],"_links":{"self":[{"href":"https:\/\/innocentiemangonipiante.it\/de\/wp-json\/wp\/v2\/product\/15479","targetHints":{"allow":["GET"]}}],"collection":[{"href":"https:\/\/innocentiemangonipiante.it\/de\/wp-json\/wp\/v2\/product"}],"about":[{"href":"https:\/\/innocentiemangonipiante.it\/de\/wp-json\/wp\/v2\/types\/product"}],"wp:featuredmedia":[{"embeddable":true,"href":"https:\/\/innocentiemangonipiante.it\/de\/wp-json\/wp\/v2\/media\/4861"}],"wp:attachment":[{"href":"https:\/\/innocentiemangonipiante.it\/de\/wp-json\/wp\/v2\/media?parent=15479"}],"wp:term":[{"taxonomy":"product_brand","embeddable":true,"href":"https:\/\/innocentiemangonipiante.it\/de\/wp-json\/wp\/v2\/product_brand?post=15479"},{"taxonomy":"product_cat","embeddable":true,"href":"https:\/\/innocentiemangonipiante.it\/de\/wp-json\/wp\/v2\/product_cat?post=15479"},{"taxonomy":"product_tag","embeddable":true,"href":"https:\/\/innocentiemangonipiante.it\/de\/wp-json\/wp\/v2\/product_tag?post=15479"}],"curies":[{"name":"wp","href":"https:\/\/api.w.org\/{rel}","templated":true}]}}