{"id":15483,"date":"2023-11-04T02:45:10","date_gmt":"2023-11-04T01:45:10","guid":{"rendered":"http:\/\/innocentiemangonipiante.it\/punica-granatum\/"},"modified":"2023-11-06T19:48:16","modified_gmt":"2023-11-06T18:48:16","slug":"punica-granatum","status":"publish","type":"product","link":"https:\/\/innocentiemangonipiante.it\/de\/punica-granatum\/","title":{"rendered":"PUNICA granatum"},"content":{"rendered":"<p>Rundlicher, dorniger Strauch oder kleiner Baum mit l\u00e4nglichen, gl\u00e4nzenden und leuchtend gr\u00fcnen Bl\u00e4ttern mit r\u00f6tlich-braunen markanten \u00c4derungen. Im Sommer sprie\u00dfen trichterf\u00f6rmige Bl\u00fcten mit 5 orange-roten Kronbl\u00e4ttern, aus denen rundliche, e\u00dfbare Fr\u00fcchte hervorgehen, die eine gelb-orange-braune Farbe haben und bis zu 12 cm lang werden.<\/p>\n","protected":false},"excerpt":{"rendered":"<p>Rundlicher, dorniger Strauch oder kleiner Baum mit l\u00e4nglichen, gl\u00e4nzenden und leuchtend gr\u00fcnen Bl\u00e4ttern mit r\u00f6tlich-braunen markanten \u00c4derungen. Im Sommer sprie\u00dfen trichterf\u00f6rmige Bl\u00fcten mit 5 orange-roten Kronbl\u00e4ttern, aus denen rundliche, e\u00dfbare Fr\u00fcchte hervorgehen, die eine gelb-orange-braune Farbe haben und bis zu 12 cm lang werden.<\/p>\n","protected":false},"featured_media":5033,"template":"","meta":{"_acf_changed":false},"product_brand":[],"product_cat":[8813],"product_tag":[10898,8789,8565,8401,8597,8544],"class_list":{"0":"post-15483","1":"product","2":"type-product","3":"status-publish","4":"has-post-thumbnail","6":"product_cat-laubbaume-und-straucher","7":"product_tag-naturlichen","8":"product_tag-alte-stamme","9":"product_tag-halbstamm","10":"product_tag-hochstamm","11":"product_tag-multistamm","12":"product_tag-solitar","13":"pa_altezza-massima-400-de","14":"pa_altezza-massima-600-de","15":"pa_colore-fioritura-orangefarbenes","16":"pa_condizionamento-clt-de","17":"pa_condizionamento-jungplanzen","18":"pa_famiglia-punicaceae-de","19":"pa_genere-punica-de","20":"pa_origine-asien","21":"pa_periodo-fioritura-mai-de","22":"pa_periodo-fruttificazione-oktober","23":"pa_portamento-arrotondato-de","24":"pa_resistenza-climatica-mittel-hoch","25":"pa_resistenza-del-suolo-bestandig-gegen-kalkhaltige-boden","26":"pa_resistenza-del-suolo-bestandig-gegen-trockene-boden","27":"pa_utilizzo-hecken","28":"pa_utilizzo-kleine-gaerten","29":"pa_utilizzo-parks-de","31":"first","32":"instock","33":"purchasable","34":"product-type-simple"},"acf":[],"_links":{"self":[{"href":"https:\/\/innocentiemangonipiante.it\/de\/wp-json\/wp\/v2\/product\/15483","targetHints":{"allow":["GET"]}}],"collection":[{"href":"https:\/\/innocentiemangonipiante.it\/de\/wp-json\/wp\/v2\/product"}],"about":[{"href":"https:\/\/innocentiemangonipiante.it\/de\/wp-json\/wp\/v2\/types\/product"}],"wp:featuredmedia":[{"embeddable":true,"href":"https:\/\/innocentiemangonipiante.it\/de\/wp-json\/wp\/v2\/media\/5033"}],"wp:attachment":[{"href":"https:\/\/innocentiemangonipiante.it\/de\/wp-json\/wp\/v2\/media?parent=15483"}],"wp:term":[{"taxonomy":"product_brand","embeddable":true,"href":"https:\/\/innocentiemangonipiante.it\/de\/wp-json\/wp\/v2\/product_brand?post=15483"},{"taxonomy":"product_cat","embeddable":true,"href":"https:\/\/innocentiemangonipiante.it\/de\/wp-json\/wp\/v2\/product_cat?post=15483"},{"taxonomy":"product_tag","embeddable":true,"href":"https:\/\/innocentiemangonipiante.it\/de\/wp-json\/wp\/v2\/product_tag?post=15483"}],"curies":[{"name":"wp","href":"https:\/\/api.w.org\/{rel}","templated":true}]}}