{"id":15485,"date":"2023-11-04T02:46:58","date_gmt":"2023-11-04T01:46:58","guid":{"rendered":"http:\/\/innocentiemangonipiante.it\/pyracantha-soleil-dor\/"},"modified":"2023-11-06T19:49:35","modified_gmt":"2023-11-06T18:49:35","slug":"pyracantha-soleil-dor","status":"publish","type":"product","link":"https:\/\/innocentiemangonipiante.it\/de\/pyracantha-soleil-dor\/","title":{"rendered":"PYRACANTHA &#8218;Soleil d&#8217;Or&#8216;"},"content":{"rendered":"<p>Strauch von geradem Wuchs mit ovalen dunkelgr\u00fcnen bis 6 Cm langen Bl\u00e4ttern. Zu Sommeranfang tr\u00e4gt er kleine wei\u00dfe Bl\u00fcten, denen goldgelbe Beeren folgen. Strauch von geradem Wuchs mit ovalen dunkelgr\u00fcnen bis 6 Cm langen Bl\u00e4ttern.<\/p>\n","protected":false},"excerpt":{"rendered":"<p>Strauch von geradem Wuchs mit ovalen dunkelgr\u00fcnen bis 6 Cm langen Bl\u00e4ttern. Zu Sommeranfang tr\u00e4gt er kleine wei\u00dfe Bl\u00fcten, denen goldgelbe Beeren folgen. Strauch von geradem Wuchs mit ovalen dunkelgr\u00fcnen bis 6 Cm langen Bl\u00e4ttern.<\/p>\n","protected":false},"featured_media":5078,"template":"","meta":{"_acf_changed":false},"product_brand":[],"product_cat":[8816],"product_tag":[10898],"class_list":{"0":"post-15485","1":"product","2":"type-product","3":"status-publish","4":"has-post-thumbnail","6":"product_cat-hartnaeckige-baeume-und-straeucher","7":"product_tag-naturlichen","8":"pa_altezza-massima-200-de","9":"pa_altezza-massima-300-de","10":"pa_colore-fioritura-weis","11":"pa_condizionamento-clt-de","12":"pa_famiglia-rosaceae-de","13":"pa_genere-pyracantha-de","14":"pa_origine-asien","15":"pa_periodo-fioritura-mai-de","16":"pa_periodo-fruttificazione-oktober","17":"pa_portamento-conico-de","18":"pa_resistenza-climatica-sehr-hoch","19":"pa_resistenza-del-suolo-bestandig-gegen-kalkhaltige-boden","20":"pa_resistenza-del-suolo-bestandig-gegen-trockene-boden","21":"pa_salinita-bestaendigkeit-in-meeresluft","22":"pa_utilizzo-kleine-gaerten","24":"first","25":"instock","26":"purchasable","27":"product-type-simple"},"acf":[],"_links":{"self":[{"href":"https:\/\/innocentiemangonipiante.it\/de\/wp-json\/wp\/v2\/product\/15485","targetHints":{"allow":["GET"]}}],"collection":[{"href":"https:\/\/innocentiemangonipiante.it\/de\/wp-json\/wp\/v2\/product"}],"about":[{"href":"https:\/\/innocentiemangonipiante.it\/de\/wp-json\/wp\/v2\/types\/product"}],"wp:featuredmedia":[{"embeddable":true,"href":"https:\/\/innocentiemangonipiante.it\/de\/wp-json\/wp\/v2\/media\/5078"}],"wp:attachment":[{"href":"https:\/\/innocentiemangonipiante.it\/de\/wp-json\/wp\/v2\/media?parent=15485"}],"wp:term":[{"taxonomy":"product_brand","embeddable":true,"href":"https:\/\/innocentiemangonipiante.it\/de\/wp-json\/wp\/v2\/product_brand?post=15485"},{"taxonomy":"product_cat","embeddable":true,"href":"https:\/\/innocentiemangonipiante.it\/de\/wp-json\/wp\/v2\/product_cat?post=15485"},{"taxonomy":"product_tag","embeddable":true,"href":"https:\/\/innocentiemangonipiante.it\/de\/wp-json\/wp\/v2\/product_tag?post=15485"}],"curies":[{"name":"wp","href":"https:\/\/api.w.org\/{rel}","templated":true}]}}