{"id":15486,"date":"2023-11-04T02:46:52","date_gmt":"2023-11-04T01:46:52","guid":{"rendered":"http:\/\/innocentiemangonipiante.it\/pyracantha-orange-glow\/"},"modified":"2023-11-06T19:49:07","modified_gmt":"2023-11-06T18:49:07","slug":"pyracantha-orange-glow","status":"publish","type":"product","link":"https:\/\/innocentiemangonipiante.it\/de\/pyracantha-orange-glow\/","title":{"rendered":"PYRACANTHA &#8218;Orange Glow&#8216;"},"content":{"rendered":"<p>Immergr\u00fcner Strauch von geradem Wuchs. Rustikal und dornig, mit kleinen dunkelgr\u00fcnen Bl\u00e4ttern. Wei\u00dfe Bl\u00fcten und im Herbst eine F\u00fclle orangefarbener Beeren.<\/p>\n","protected":false},"excerpt":{"rendered":"<p>Immergr\u00fcner Strauch von geradem Wuchs. Rustikal und dornig, mit kleinen dunkelgr\u00fcnen Bl\u00e4ttern. Wei\u00dfe Bl\u00fcten und im Herbst eine F\u00fclle orangefarbener Beeren.<\/p>\n","protected":false},"featured_media":5072,"template":"","meta":{"_acf_changed":false},"product_brand":[],"product_cat":[8816],"product_tag":[10898],"class_list":{"0":"post-15486","1":"product","2":"type-product","3":"status-publish","4":"has-post-thumbnail","6":"product_cat-hartnaeckige-baeume-und-straeucher","7":"product_tag-naturlichen","8":"pa_altezza-massima-200-de","9":"pa_altezza-massima-300-de","10":"pa_colore-fioritura-weis","11":"pa_condizionamento-clt-de","12":"pa_famiglia-rosaceae-de","13":"pa_genere-pyracantha-de","14":"pa_origine-asien","15":"pa_periodo-fioritura-mai-de","16":"pa_periodo-fruttificazione-oktober","17":"pa_portamento-conico-de","18":"pa_resistenza-climatica-sehr-hoch","19":"pa_resistenza-del-suolo-bestandig-gegen-kalkhaltige-boden","20":"pa_resistenza-del-suolo-bestandig-gegen-trockene-boden","21":"pa_salinita-bestaendigkeit-in-meeresluft","22":"pa_utilizzo-kleine-gaerten","24":"first","25":"instock","26":"purchasable","27":"product-type-simple"},"acf":[],"_links":{"self":[{"href":"https:\/\/innocentiemangonipiante.it\/de\/wp-json\/wp\/v2\/product\/15486","targetHints":{"allow":["GET"]}}],"collection":[{"href":"https:\/\/innocentiemangonipiante.it\/de\/wp-json\/wp\/v2\/product"}],"about":[{"href":"https:\/\/innocentiemangonipiante.it\/de\/wp-json\/wp\/v2\/types\/product"}],"wp:featuredmedia":[{"embeddable":true,"href":"https:\/\/innocentiemangonipiante.it\/de\/wp-json\/wp\/v2\/media\/5072"}],"wp:attachment":[{"href":"https:\/\/innocentiemangonipiante.it\/de\/wp-json\/wp\/v2\/media?parent=15486"}],"wp:term":[{"taxonomy":"product_brand","embeddable":true,"href":"https:\/\/innocentiemangonipiante.it\/de\/wp-json\/wp\/v2\/product_brand?post=15486"},{"taxonomy":"product_cat","embeddable":true,"href":"https:\/\/innocentiemangonipiante.it\/de\/wp-json\/wp\/v2\/product_cat?post=15486"},{"taxonomy":"product_tag","embeddable":true,"href":"https:\/\/innocentiemangonipiante.it\/de\/wp-json\/wp\/v2\/product_tag?post=15486"}],"curies":[{"name":"wp","href":"https:\/\/api.w.org\/{rel}","templated":true}]}}