{"id":15488,"date":"2023-11-04T02:46:38","date_gmt":"2023-11-04T01:46:38","guid":{"rendered":"http:\/\/innocentiemangonipiante.it\/pyracantha-mohave\/"},"modified":"2023-11-06T19:49:01","modified_gmt":"2023-11-06T18:49:01","slug":"pyracantha-mohave","status":"publish","type":"product","link":"https:\/\/innocentiemangonipiante.it\/de\/pyracantha-mohave\/","title":{"rendered":"PYRACANTHA &#8218;Mohave&#8216;"},"content":{"rendered":"<p>Gl\u00e4nzend dunkelgr\u00fcnes Laub, aufrecht wachsend. Sehr gesch\u00e4tzt f\u00fcr seine riesigen Massen von leuchtend roten Beeren, sehr dekorativ. Fr\u00fche Fruchtbildung. Ausgezeichnet als immergr\u00fcne Hecke.<\/p>\n","protected":false},"excerpt":{"rendered":"<p>Gl\u00e4nzend dunkelgr\u00fcnes Laub, aufrecht wachsend. Sehr gesch\u00e4tzt f\u00fcr seine riesigen Massen von leuchtend roten Beeren, sehr dekorativ. Fr\u00fche Fruchtbildung. Ausgezeichnet als immergr\u00fcne Hecke.<\/p>\n","protected":false},"featured_media":5060,"template":"","meta":{"_acf_changed":false},"product_brand":[],"product_cat":[8816],"product_tag":[10898],"class_list":{"0":"post-15488","1":"product","2":"type-product","3":"status-publish","4":"has-post-thumbnail","6":"product_cat-hartnaeckige-baeume-und-straeucher","7":"product_tag-naturlichen","8":"pa_altezza-massima-200-de","9":"pa_altezza-massima-400-de","10":"pa_colore-fioritura-weis","11":"pa_condizionamento-clt-de","12":"pa_famiglia-rosaceae-de","13":"pa_genere-pyracantha-de","14":"pa_origine-nahen-osten","15":"pa_periodo-fioritura-august-de","16":"pa_periodo-fioritura-juli","17":"pa_periodo-fruttificazione-oktober","18":"pa_portamento-conico-de","19":"pa_resistenza-climatica-mittel-hoch","20":"pa_utilizzo-kleine-gaerten","22":"first","23":"instock","24":"purchasable","25":"product-type-simple"},"acf":[],"_links":{"self":[{"href":"https:\/\/innocentiemangonipiante.it\/de\/wp-json\/wp\/v2\/product\/15488","targetHints":{"allow":["GET"]}}],"collection":[{"href":"https:\/\/innocentiemangonipiante.it\/de\/wp-json\/wp\/v2\/product"}],"about":[{"href":"https:\/\/innocentiemangonipiante.it\/de\/wp-json\/wp\/v2\/types\/product"}],"wp:featuredmedia":[{"embeddable":true,"href":"https:\/\/innocentiemangonipiante.it\/de\/wp-json\/wp\/v2\/media\/5060"}],"wp:attachment":[{"href":"https:\/\/innocentiemangonipiante.it\/de\/wp-json\/wp\/v2\/media?parent=15488"}],"wp:term":[{"taxonomy":"product_brand","embeddable":true,"href":"https:\/\/innocentiemangonipiante.it\/de\/wp-json\/wp\/v2\/product_brand?post=15488"},{"taxonomy":"product_cat","embeddable":true,"href":"https:\/\/innocentiemangonipiante.it\/de\/wp-json\/wp\/v2\/product_cat?post=15488"},{"taxonomy":"product_tag","embeddable":true,"href":"https:\/\/innocentiemangonipiante.it\/de\/wp-json\/wp\/v2\/product_tag?post=15488"}],"curies":[{"name":"wp","href":"https:\/\/api.w.org\/{rel}","templated":true}]}}