{"id":15489,"date":"2023-11-04T02:46:31","date_gmt":"2023-11-04T01:46:31","guid":{"rendered":"http:\/\/innocentiemangonipiante.it\/pyracantha-golden-charmer\/"},"modified":"2023-11-06T19:48:57","modified_gmt":"2023-11-06T18:48:57","slug":"pyracantha-golden-charmer","status":"publish","type":"product","link":"https:\/\/innocentiemangonipiante.it\/de\/pyracantha-golden-charmer\/","title":{"rendered":"PYRACANTHA &#8218;Golden Charmer&#8216;"},"content":{"rendered":"<p>Starker, buschiger Strauch mit gl\u00e4nzenden gr\u00fcnen Bl\u00e4ttern. Am Sommeranfang produziert kleine weissen Bl\u00fcten, gefolgt von orangen-gl\u00e4nzendroten 9mm langen Beeren.<\/p>\n","protected":false},"excerpt":{"rendered":"<p>Starker, buschiger Strauch mit gl\u00e4nzenden gr\u00fcnen Bl\u00e4ttern. Am Sommeranfang produziert kleine weissen Bl\u00fcten, gefolgt von orangen-gl\u00e4nzendroten 9mm langen Beeren.<\/p>\n","protected":false},"featured_media":5054,"template":"","meta":{"_acf_changed":false},"product_brand":[],"product_cat":[8816],"product_tag":[10898],"class_list":{"0":"post-15489","1":"product","2":"type-product","3":"status-publish","4":"has-post-thumbnail","6":"product_cat-hartnaeckige-baeume-und-straeucher","7":"product_tag-naturlichen","8":"pa_altezza-massima-150-de","9":"pa_altezza-massima-200-de","10":"pa_colore-fioritura-weis","11":"pa_condizionamento-clt-de","12":"pa_famiglia-rosaceae-de","13":"pa_genere-pyracantha-de","14":"pa_origine-europe-de","15":"pa_periodo-fioritura-juni","16":"pa_periodo-fruttificazione-september-de","17":"pa_portamento-arrotondato-de","18":"pa_resistenza-climatica-sehr-hoch","19":"pa_resistenza-del-suolo-bestandig-gegen-kalkhaltige-boden","20":"pa_resistenza-del-suolo-bestandig-gegen-trockene-boden","21":"pa_salinita-bestaendigkeit-in-meeresluft","22":"pa_utilizzo-kleine-gaerten","24":"first","25":"instock","26":"purchasable","27":"product-type-simple"},"acf":[],"_links":{"self":[{"href":"https:\/\/innocentiemangonipiante.it\/de\/wp-json\/wp\/v2\/product\/15489","targetHints":{"allow":["GET"]}}],"collection":[{"href":"https:\/\/innocentiemangonipiante.it\/de\/wp-json\/wp\/v2\/product"}],"about":[{"href":"https:\/\/innocentiemangonipiante.it\/de\/wp-json\/wp\/v2\/types\/product"}],"wp:featuredmedia":[{"embeddable":true,"href":"https:\/\/innocentiemangonipiante.it\/de\/wp-json\/wp\/v2\/media\/5054"}],"wp:attachment":[{"href":"https:\/\/innocentiemangonipiante.it\/de\/wp-json\/wp\/v2\/media?parent=15489"}],"wp:term":[{"taxonomy":"product_brand","embeddable":true,"href":"https:\/\/innocentiemangonipiante.it\/de\/wp-json\/wp\/v2\/product_brand?post=15489"},{"taxonomy":"product_cat","embeddable":true,"href":"https:\/\/innocentiemangonipiante.it\/de\/wp-json\/wp\/v2\/product_cat?post=15489"},{"taxonomy":"product_tag","embeddable":true,"href":"https:\/\/innocentiemangonipiante.it\/de\/wp-json\/wp\/v2\/product_tag?post=15489"}],"curies":[{"name":"wp","href":"https:\/\/api.w.org\/{rel}","templated":true}]}}