{"id":15490,"date":"2023-11-04T02:47:36","date_gmt":"2023-11-04T01:47:36","guid":{"rendered":"http:\/\/innocentiemangonipiante.it\/pyrus-calleyrana-capital\/"},"modified":"2023-11-06T19:49:54","modified_gmt":"2023-11-06T18:49:54","slug":"pyrus-calleyrana-capital","status":"publish","type":"product","link":"https:\/\/innocentiemangonipiante.it\/de\/pyrus-calleyrana-capital\/","title":{"rendered":"PYRUS calleyrana &#8218;Capital&#8216;"},"content":{"rendered":"<p>S\u00e4ulenf\u00f6rmiger Wuchs, wei\u00dfe Bl\u00fcten im April. Gr\u00fcnes und purpurrotes Laub im Herbst.<\/p>\n","protected":false},"excerpt":{"rendered":"<p>S\u00e4ulenf\u00f6rmiger Wuchs, wei\u00dfe Bl\u00fcten im April. Gr\u00fcnes und purpurrotes Laub im Herbst.<\/p>\n","protected":false},"featured_media":0,"template":"","meta":{"_acf_changed":false},"product_brand":[],"product_cat":[8813],"product_tag":[10898,8401],"class_list":{"0":"post-15490","1":"product","2":"type-product","3":"status-publish","5":"product_cat-laubbaume-und-straucher","6":"product_tag-naturlichen","7":"product_tag-hochstamm","8":"pa_altezza-massima-800-de","9":"pa_altezza-massima-1000-de-2","10":"pa_colore-fioritura-weis","11":"pa_condizionamento-clt-de","12":"pa_condizionamento-m-de","13":"pa_famiglia-rosaceae-de","14":"pa_genere-pyrus-de","15":"pa_inquinamento-bestaendigkeit-gegen-smog","16":"pa_origine-u-s-a","17":"pa_periodo-fioritura-april-de","18":"pa_portamento-saulenformig","19":"pa_resistenza-climatica-sehr-hoch","20":"pa_resistenza-del-suolo-bestandig-gegen-trockene-boden","21":"pa_utilizzo-kleine-gaerten","23":"first","24":"instock","25":"purchasable","26":"product-type-simple"},"acf":[],"_links":{"self":[{"href":"https:\/\/innocentiemangonipiante.it\/de\/wp-json\/wp\/v2\/product\/15490","targetHints":{"allow":["GET"]}}],"collection":[{"href":"https:\/\/innocentiemangonipiante.it\/de\/wp-json\/wp\/v2\/product"}],"about":[{"href":"https:\/\/innocentiemangonipiante.it\/de\/wp-json\/wp\/v2\/types\/product"}],"wp:attachment":[{"href":"https:\/\/innocentiemangonipiante.it\/de\/wp-json\/wp\/v2\/media?parent=15490"}],"wp:term":[{"taxonomy":"product_brand","embeddable":true,"href":"https:\/\/innocentiemangonipiante.it\/de\/wp-json\/wp\/v2\/product_brand?post=15490"},{"taxonomy":"product_cat","embeddable":true,"href":"https:\/\/innocentiemangonipiante.it\/de\/wp-json\/wp\/v2\/product_cat?post=15490"},{"taxonomy":"product_tag","embeddable":true,"href":"https:\/\/innocentiemangonipiante.it\/de\/wp-json\/wp\/v2\/product_tag?post=15490"}],"curies":[{"name":"wp","href":"https:\/\/api.w.org\/{rel}","templated":true}]}}