{"id":15491,"date":"2023-11-04T02:47:43","date_gmt":"2023-11-04T01:47:43","guid":{"rendered":"http:\/\/innocentiemangonipiante.it\/pyrus-salicifolia-pendula\/"},"modified":"2023-11-06T19:49:57","modified_gmt":"2023-11-06T18:49:57","slug":"pyrus-salicifolia-pendula","status":"publish","type":"product","link":"https:\/\/innocentiemangonipiante.it\/de\/pyrus-salicifolia-pendula\/","title":{"rendered":"PYRUS salicifolia &#8218;Pendula&#8216;"},"content":{"rendered":"<p>Sommergr\u00fcner, ausladender Baum mit abfallenden Zweigen und lanzettlichen, bis 9-10 cm lang, grau-gr\u00fcne Bl\u00e4tterWeisse Bl\u00fcte. Sehr gute W\u00e4rmevertr\u00e4glichkeit. Sehr geeignet f\u00fcr enge R\u00e4ume und st\u00e4dtische Verh\u00e4ltnisse.<\/p>\n","protected":false},"excerpt":{"rendered":"<p>Sommergr\u00fcner, ausladender Baum mit abfallenden Zweigen und lanzettlichen, bis 9-10 cm lang, grau-gr\u00fcne Bl\u00e4tterWeisse Bl\u00fcte. Sehr gute W\u00e4rmevertr\u00e4glichkeit. Sehr geeignet f\u00fcr enge R\u00e4ume und st\u00e4dtische Verh\u00e4ltnisse.<\/p>\n","protected":false},"featured_media":5104,"template":"","meta":{"_acf_changed":false},"product_brand":[],"product_cat":[8813,9231],"product_tag":[10898,8401],"class_list":{"0":"post-15491","1":"product","2":"type-product","3":"status-publish","4":"has-post-thumbnail","6":"product_cat-laubbaume-und-straucher","7":"product_cat-baume-und-pflanzen-der-zukunft","8":"product_tag-naturlichen","9":"product_tag-hochstamm","10":"pa_altezza-massima-600-de","11":"pa_altezza-massima-900-de","12":"pa_colore-fioritura-weis","13":"pa_condizionamento-clt-de","14":"pa_condizionamento-m-de","15":"pa_famiglia-rosaceae-de","16":"pa_genere-pyrus-de","17":"pa_origine-kaukasus","18":"pa_periodo-fioritura-april-de","19":"pa_periodo-fruttificazione-oktober","20":"pa_portamento-piangente-de","21":"pa_resistenza-climatica-sehr-hoch","22":"pa_resistenza-del-suolo-bestandig-gegen-kalkhaltige-boden","23":"pa_resistenza-del-suolo-bestandig-gegen-trockene-boden","24":"pa_utilizzo-kleine-gaerten","25":"pa_utilizzo-parks-de","27":"first","28":"instock","29":"purchasable","30":"product-type-simple"},"acf":[],"_links":{"self":[{"href":"https:\/\/innocentiemangonipiante.it\/de\/wp-json\/wp\/v2\/product\/15491","targetHints":{"allow":["GET"]}}],"collection":[{"href":"https:\/\/innocentiemangonipiante.it\/de\/wp-json\/wp\/v2\/product"}],"about":[{"href":"https:\/\/innocentiemangonipiante.it\/de\/wp-json\/wp\/v2\/types\/product"}],"wp:featuredmedia":[{"embeddable":true,"href":"https:\/\/innocentiemangonipiante.it\/de\/wp-json\/wp\/v2\/media\/5104"}],"wp:attachment":[{"href":"https:\/\/innocentiemangonipiante.it\/de\/wp-json\/wp\/v2\/media?parent=15491"}],"wp:term":[{"taxonomy":"product_brand","embeddable":true,"href":"https:\/\/innocentiemangonipiante.it\/de\/wp-json\/wp\/v2\/product_brand?post=15491"},{"taxonomy":"product_cat","embeddable":true,"href":"https:\/\/innocentiemangonipiante.it\/de\/wp-json\/wp\/v2\/product_cat?post=15491"},{"taxonomy":"product_tag","embeddable":true,"href":"https:\/\/innocentiemangonipiante.it\/de\/wp-json\/wp\/v2\/product_tag?post=15491"}],"curies":[{"name":"wp","href":"https:\/\/api.w.org\/{rel}","templated":true}]}}