{"id":15492,"date":"2023-11-04T02:47:27","date_gmt":"2023-11-04T01:47:27","guid":{"rendered":"http:\/\/innocentiemangonipiante.it\/pyrus-calleryana-redspire\/"},"modified":"2023-11-06T19:49:48","modified_gmt":"2023-11-06T18:49:48","slug":"pyrus-calleryana-redspire","status":"publish","type":"product","link":"https:\/\/innocentiemangonipiante.it\/de\/pyrus-calleryana-redspire\/","title":{"rendered":"PYRUS calleryana &#8218;Redspire&#8216;"},"content":{"rendered":"<p>Mittelgrosser Baum mit dunkelgr\u00fcnem Laub, das im Herbst gelb-rotfarbig wird. Im Fr\u00fchjahr produziert er eine reiche weisse Bl\u00fcte. Geeignet f\u00fcr Strassenbepflanzungen und kleinere G\u00e4rten.<\/p>\n","protected":false},"excerpt":{"rendered":"<p>Mittelgrosser Baum mit dunkelgr\u00fcnem Laub, das im Herbst gelb-rotfarbig wird. Im Fr\u00fchjahr produziert er eine reiche weisse Bl\u00fcte. Geeignet f\u00fcr Strassenbepflanzungen und kleinere G\u00e4rten.<\/p>\n","protected":false},"featured_media":5097,"template":"","meta":{"_acf_changed":false},"product_brand":[],"product_cat":[8813],"product_tag":[10898,8401],"class_list":{"0":"post-15492","1":"product","2":"type-product","3":"status-publish","4":"has-post-thumbnail","6":"product_cat-laubbaume-und-straucher","7":"product_tag-naturlichen","8":"product_tag-hochstamm","9":"pa_altezza-massima-1000-de-2","10":"pa_altezza-massima-15-meter","11":"pa_colore-fioritura-weis","12":"pa_condizionamento-clt-de","13":"pa_condizionamento-m-de","14":"pa_famiglia-rosaceae-de","15":"pa_genere-pyrus-de","16":"pa_inquinamento-bestaendigkeit-gegen-smog","17":"pa_origine-u-s-a","18":"pa_periodo-fioritura-april-de","19":"pa_periodo-fruttificazione-oktober","20":"pa_portamento-conico-de","21":"pa_resistenza-climatica-sehr-hoch","22":"pa_resistenza-del-suolo-bestandig-gegen-kalkhaltige-boden","23":"pa_utilizzo-alleen","24":"pa_utilizzo-kleine-gaerten","26":"first","27":"instock","28":"purchasable","29":"product-type-simple"},"acf":[],"_links":{"self":[{"href":"https:\/\/innocentiemangonipiante.it\/de\/wp-json\/wp\/v2\/product\/15492","targetHints":{"allow":["GET"]}}],"collection":[{"href":"https:\/\/innocentiemangonipiante.it\/de\/wp-json\/wp\/v2\/product"}],"about":[{"href":"https:\/\/innocentiemangonipiante.it\/de\/wp-json\/wp\/v2\/types\/product"}],"wp:featuredmedia":[{"embeddable":true,"href":"https:\/\/innocentiemangonipiante.it\/de\/wp-json\/wp\/v2\/media\/5097"}],"wp:attachment":[{"href":"https:\/\/innocentiemangonipiante.it\/de\/wp-json\/wp\/v2\/media?parent=15492"}],"wp:term":[{"taxonomy":"product_brand","embeddable":true,"href":"https:\/\/innocentiemangonipiante.it\/de\/wp-json\/wp\/v2\/product_brand?post=15492"},{"taxonomy":"product_cat","embeddable":true,"href":"https:\/\/innocentiemangonipiante.it\/de\/wp-json\/wp\/v2\/product_cat?post=15492"},{"taxonomy":"product_tag","embeddable":true,"href":"https:\/\/innocentiemangonipiante.it\/de\/wp-json\/wp\/v2\/product_tag?post=15492"}],"curies":[{"name":"wp","href":"https:\/\/api.w.org\/{rel}","templated":true}]}}