{"id":15493,"date":"2023-11-04T02:47:18","date_gmt":"2023-11-04T01:47:18","guid":{"rendered":"http:\/\/innocentiemangonipiante.it\/pyrus-calleryana-chanticleer\/"},"modified":"2023-11-06T19:49:44","modified_gmt":"2023-11-06T18:49:44","slug":"pyrus-calleryana-chanticleer","status":"publish","type":"product","link":"https:\/\/innocentiemangonipiante.it\/de\/pyrus-calleryana-chanticleer\/","title":{"rendered":"PYRUS calleryana &#8218;Chanticleer&#8216; \u00ae"},"content":{"rendered":"<p>Kleiner, sommergr\u00fcner Baum mit kegelf\u00f6rmigem bis pyramidalem Wuchs. Auf den aufrecht stehenden \u00c4sten entwickeln sich abfallende, wechselst\u00e4ndige, rundliche, 8-12 cm lange Bl\u00e4tter, die leuchtend dunkelgr\u00fcn sind und im Herbst gelb-orange und purpurrot werden. Anfang Fr\u00fchjahr, meist vor dem Blattwuchs, sprie\u00dfen zahlreiche wei\u00dfe einfache Bl\u00fcten mit 5 Kronbl\u00e4ttern und einem Durchmesser von rund 2 cm.<\/p>\n","protected":false},"excerpt":{"rendered":"<p>Kleiner, sommergr\u00fcner Baum mit kegelf\u00f6rmigem bis pyramidalem Wuchs. Auf den aufrecht stehenden \u00c4sten entwickeln sich abfallende, wechselst\u00e4ndige, rundliche, 8-12 cm lange Bl\u00e4tter, die leuchtend dunkelgr\u00fcn sind und im Herbst gelb-orange und purpurrot werden. Anfang Fr\u00fchjahr, meist vor dem Blattwuchs, sprie\u00dfen zahlreiche wei\u00dfe einfache Bl\u00fcten mit 5 Kronbl\u00e4ttern und einem Durchmesser von rund 2 cm.<\/p>\n","protected":false},"featured_media":5091,"template":"","meta":{"_acf_changed":false},"product_brand":[],"product_cat":[8813],"product_tag":[10898,8401],"class_list":{"0":"post-15493","1":"product","2":"type-product","3":"status-publish","4":"has-post-thumbnail","6":"product_cat-laubbaume-und-straucher","7":"product_tag-naturlichen","8":"product_tag-hochstamm","9":"pa_altezza-massima-800-de","10":"pa_altezza-massima-1000-de-2","11":"pa_colore-fioritura-weis","12":"pa_condizionamento-clt-de","13":"pa_condizionamento-m-de","14":"pa_famiglia-rosaceae-de","15":"pa_genere-pyrus-de","16":"pa_inquinamento-bestaendigkeit-gegen-smog","17":"pa_origine-u-s-a","18":"pa_periodo-fioritura-april-de","19":"pa_periodo-fruttificazione-oktober","20":"pa_portamento-conico-de","21":"pa_resistenza-climatica-sehr-hoch","22":"pa_resistenza-del-suolo-bestandig-gegen-kalkhaltige-boden","23":"pa_salinita-bestaendigkeit-in-meeresluft","24":"pa_utilizzo-kleine-gaerten","25":"pa_utilizzo-parks-de","27":"first","28":"instock","29":"purchasable","30":"product-type-simple"},"acf":[],"_links":{"self":[{"href":"https:\/\/innocentiemangonipiante.it\/de\/wp-json\/wp\/v2\/product\/15493","targetHints":{"allow":["GET"]}}],"collection":[{"href":"https:\/\/innocentiemangonipiante.it\/de\/wp-json\/wp\/v2\/product"}],"about":[{"href":"https:\/\/innocentiemangonipiante.it\/de\/wp-json\/wp\/v2\/types\/product"}],"wp:featuredmedia":[{"embeddable":true,"href":"https:\/\/innocentiemangonipiante.it\/de\/wp-json\/wp\/v2\/media\/5091"}],"wp:attachment":[{"href":"https:\/\/innocentiemangonipiante.it\/de\/wp-json\/wp\/v2\/media?parent=15493"}],"wp:term":[{"taxonomy":"product_brand","embeddable":true,"href":"https:\/\/innocentiemangonipiante.it\/de\/wp-json\/wp\/v2\/product_brand?post=15493"},{"taxonomy":"product_cat","embeddable":true,"href":"https:\/\/innocentiemangonipiante.it\/de\/wp-json\/wp\/v2\/product_cat?post=15493"},{"taxonomy":"product_tag","embeddable":true,"href":"https:\/\/innocentiemangonipiante.it\/de\/wp-json\/wp\/v2\/product_tag?post=15493"}],"curies":[{"name":"wp","href":"https:\/\/api.w.org\/{rel}","templated":true}]}}