{"id":15494,"date":"2023-11-04T02:47:12","date_gmt":"2023-11-04T01:47:12","guid":{"rendered":"http:\/\/innocentiemangonipiante.it\/pyrus-calleryana-bradford\/"},"modified":"2023-11-06T19:49:41","modified_gmt":"2023-11-06T18:49:41","slug":"pyrus-calleryana-bradford","status":"publish","type":"product","link":"https:\/\/innocentiemangonipiante.it\/de\/pyrus-calleryana-bradford\/","title":{"rendered":"PYRUS calleryana &#8218;Bradford&#8216;"},"content":{"rendered":"<p>Pyramiden-Form, immer breiter mit dem Alter. Dicke und gl\u00e4nzende dunkelgr\u00fcne Bl\u00e4tter , die r\u00f6tlich-orange im Herbst \u00e4ndern. Anpassungsf\u00e4hig an ganz trocken, leicht oder auch alkalischen B\u00f6den, Luftverschmutzung und auch K\u00fcsten Exposition.<\/p>\n","protected":false},"excerpt":{"rendered":"<p>Pyramiden-Form, immer breiter mit dem Alter. Dicke und gl\u00e4nzende dunkelgr\u00fcne Bl\u00e4tter , die r\u00f6tlich-orange im Herbst \u00e4ndern. Anpassungsf\u00e4hig an ganz trocken, leicht oder auch alkalischen B\u00f6den, Luftverschmutzung und auch K\u00fcsten Exposition.<\/p>\n","protected":false},"featured_media":59480,"template":"","meta":{"_acf_changed":false},"product_brand":[],"product_cat":[8813],"product_tag":[10898],"class_list":{"0":"post-15494","1":"product","2":"type-product","3":"status-publish","4":"has-post-thumbnail","6":"product_cat-laubbaume-und-straucher","7":"product_tag-naturlichen","8":"pa_altezza-massima-1000-de-2","9":"pa_altezza-massima-15-meter","10":"pa_colore-fioritura-weis","11":"pa_famiglia-rosaceae-de","12":"pa_genere-pyrus-de","13":"pa_inquinamento-bestaendigkeit-gegen-smog","14":"pa_origine-u-s-a","15":"pa_periodo-fioritura-april-de","16":"pa_periodo-fioritura-mai-de","17":"pa_periodo-fruttificazione-oktober","18":"pa_portamento-arrotondato-de","19":"pa_resistenza-climatica-sehr-hoch","20":"pa_resistenza-del-suolo-bestandig-gegen-kalkhaltige-boden","21":"pa_resistenza-del-suolo-bestandig-gegen-trockene-boden","22":"pa_salinita-bestaendigkeit-in-meeresluft","23":"pa_utilizzo-alleen","24":"pa_utilizzo-kleine-gaerten","25":"pa_utilizzo-parks-de","27":"first","28":"instock","29":"purchasable","30":"product-type-simple"},"acf":[],"_links":{"self":[{"href":"https:\/\/innocentiemangonipiante.it\/de\/wp-json\/wp\/v2\/product\/15494","targetHints":{"allow":["GET"]}}],"collection":[{"href":"https:\/\/innocentiemangonipiante.it\/de\/wp-json\/wp\/v2\/product"}],"about":[{"href":"https:\/\/innocentiemangonipiante.it\/de\/wp-json\/wp\/v2\/types\/product"}],"wp:featuredmedia":[{"embeddable":true,"href":"https:\/\/innocentiemangonipiante.it\/de\/wp-json\/wp\/v2\/media\/59480"}],"wp:attachment":[{"href":"https:\/\/innocentiemangonipiante.it\/de\/wp-json\/wp\/v2\/media?parent=15494"}],"wp:term":[{"taxonomy":"product_brand","embeddable":true,"href":"https:\/\/innocentiemangonipiante.it\/de\/wp-json\/wp\/v2\/product_brand?post=15494"},{"taxonomy":"product_cat","embeddable":true,"href":"https:\/\/innocentiemangonipiante.it\/de\/wp-json\/wp\/v2\/product_cat?post=15494"},{"taxonomy":"product_tag","embeddable":true,"href":"https:\/\/innocentiemangonipiante.it\/de\/wp-json\/wp\/v2\/product_tag?post=15494"}],"curies":[{"name":"wp","href":"https:\/\/api.w.org\/{rel}","templated":true}]}}