{"id":15495,"date":"2023-11-04T02:55:08","date_gmt":"2023-11-04T01:55:08","guid":{"rendered":"http:\/\/innocentiemangonipiante.it\/quercus-x-turneri-pseudoturneri\/"},"modified":"2023-11-08T13:03:54","modified_gmt":"2023-11-08T12:03:54","slug":"quercus-x-turneri-pseudoturneri","status":"publish","type":"product","link":"https:\/\/innocentiemangonipiante.it\/de\/quercus-x-turneri-pseudoturneri\/","title":{"rendered":"QUERCUS x turneri &#8218;Pseudoturneri&#8216;"},"content":{"rendered":"<p>Halb-Immergr\u00fcner gro\u00dfer Strauch oder Baum mit rundlichem Wuchs. Die Rinde ist von dunkelgrauen Furchen durchsetzt. Die eif\u00f6rmigen und leicht gelappten Bl\u00e4tter sind dunkelgr\u00fcn und bis 12 cm lang.<\/p>\n","protected":false},"excerpt":{"rendered":"<p>Halb-Immergr\u00fcner gro\u00dfer Strauch oder Baum mit rundlichem Wuchs. Die Rinde ist von dunkelgrauen Furchen durchsetzt. Die eif\u00f6rmigen und leicht gelappten Bl\u00e4tter sind dunkelgr\u00fcn und bis 12 cm lang.<\/p>\n","protected":false},"featured_media":5267,"template":"","meta":{"_acf_changed":false},"product_brand":[],"product_cat":[8813,9231],"product_tag":[10898,8401],"class_list":{"0":"post-15495","1":"product","2":"type-product","3":"status-publish","4":"has-post-thumbnail","6":"product_cat-laubbaume-und-straucher","7":"product_cat-baume-und-pflanzen-der-zukunft","8":"product_tag-naturlichen","9":"product_tag-hochstamm","10":"pa_altezza-massima-500-de","11":"pa_altezza-massima-800-de","12":"pa_condizionamento-clt-de","13":"pa_condizionamento-m-de","14":"pa_famiglia-fagaceae-de-2","15":"pa_genere-quercus-de","16":"pa_origine-england-de","17":"pa_portamento-piramidale-de","18":"pa_resistenza-climatica-mittel-hoch","19":"pa_salinita-bestaendigkeit-in-meeresluft","20":"pa_utilizzo-parks-de","22":"first","23":"instock","24":"purchasable","25":"product-type-simple"},"acf":[],"_links":{"self":[{"href":"https:\/\/innocentiemangonipiante.it\/de\/wp-json\/wp\/v2\/product\/15495","targetHints":{"allow":["GET"]}}],"collection":[{"href":"https:\/\/innocentiemangonipiante.it\/de\/wp-json\/wp\/v2\/product"}],"about":[{"href":"https:\/\/innocentiemangonipiante.it\/de\/wp-json\/wp\/v2\/types\/product"}],"wp:featuredmedia":[{"embeddable":true,"href":"https:\/\/innocentiemangonipiante.it\/de\/wp-json\/wp\/v2\/media\/5267"}],"wp:attachment":[{"href":"https:\/\/innocentiemangonipiante.it\/de\/wp-json\/wp\/v2\/media?parent=15495"}],"wp:term":[{"taxonomy":"product_brand","embeddable":true,"href":"https:\/\/innocentiemangonipiante.it\/de\/wp-json\/wp\/v2\/product_brand?post=15495"},{"taxonomy":"product_cat","embeddable":true,"href":"https:\/\/innocentiemangonipiante.it\/de\/wp-json\/wp\/v2\/product_cat?post=15495"},{"taxonomy":"product_tag","embeddable":true,"href":"https:\/\/innocentiemangonipiante.it\/de\/wp-json\/wp\/v2\/product_tag?post=15495"}],"curies":[{"name":"wp","href":"https:\/\/api.w.org\/{rel}","templated":true}]}}