{"id":15496,"date":"2023-11-04T02:54:12","date_gmt":"2023-11-04T01:54:12","guid":{"rendered":"http:\/\/innocentiemangonipiante.it\/quercus-suber\/"},"modified":"2023-11-08T13:03:16","modified_gmt":"2023-11-08T12:03:16","slug":"quercus-suber","status":"publish","type":"product","link":"https:\/\/innocentiemangonipiante.it\/de\/quercus-suber\/","title":{"rendered":"QUERCUS suber"},"content":{"rendered":"<p>Immergr\u00fcner gro\u00dfer Baum mit rundlichem Wuchs und mit charakteristischer dicker korkiger Rinde. Die eif\u00f6rmigen l\u00e4nglichen, gez\u00e4hnten Bl\u00e4tter sind dunkelgr\u00fcn und werden bis 7 cm lang.<\/p>\n","protected":false},"excerpt":{"rendered":"<p>Immergr\u00fcner gro\u00dfer Baum mit rundlichem Wuchs und mit charakteristischer dicker korkiger Rinde. Die eif\u00f6rmigen l\u00e4nglichen, gez\u00e4hnten Bl\u00e4tter sind dunkelgr\u00fcn und werden bis 7 cm lang.<\/p>\n","protected":false},"featured_media":5248,"template":"","meta":{"_acf_changed":false},"product_brand":[],"product_cat":[8813],"product_tag":[10898,8565,8401,8425,8597,10902],"class_list":{"0":"post-15496","1":"product","2":"type-product","3":"status-publish","4":"has-post-thumbnail","6":"product_cat-laubbaume-und-straucher","7":"product_tag-naturlichen","8":"product_tag-halbstamm","9":"product_tag-hochstamm","10":"product_tag-hochstamm-spalier","11":"product_tag-multistamm","12":"product_tag-stammbusch","13":"pa_altezza-massima-15-meter","14":"pa_altezza-massima-20-meter","15":"pa_condizionamento-clt-de","16":"pa_condizionamento-jungplanzen","17":"pa_condizionamento-m-de","18":"pa_famiglia-fagaceae-de-2","19":"pa_genere-quercus-de","20":"pa_origine-europaischen-mittelmeeres","21":"pa_portamento-arrotondato-de","22":"pa_resistenza-climatica-mittel-hoch","23":"pa_resistenza-del-suolo-bestandig-gegen-kalkhaltige-boden","24":"pa_resistenza-del-suolo-bestandig-gegen-trockene-boden","25":"pa_utilizzo-parks-de","27":"first","28":"instock","29":"purchasable","30":"product-type-simple"},"acf":[],"_links":{"self":[{"href":"https:\/\/innocentiemangonipiante.it\/de\/wp-json\/wp\/v2\/product\/15496","targetHints":{"allow":["GET"]}}],"collection":[{"href":"https:\/\/innocentiemangonipiante.it\/de\/wp-json\/wp\/v2\/product"}],"about":[{"href":"https:\/\/innocentiemangonipiante.it\/de\/wp-json\/wp\/v2\/types\/product"}],"wp:featuredmedia":[{"embeddable":true,"href":"https:\/\/innocentiemangonipiante.it\/de\/wp-json\/wp\/v2\/media\/5248"}],"wp:attachment":[{"href":"https:\/\/innocentiemangonipiante.it\/de\/wp-json\/wp\/v2\/media?parent=15496"}],"wp:term":[{"taxonomy":"product_brand","embeddable":true,"href":"https:\/\/innocentiemangonipiante.it\/de\/wp-json\/wp\/v2\/product_brand?post=15496"},{"taxonomy":"product_cat","embeddable":true,"href":"https:\/\/innocentiemangonipiante.it\/de\/wp-json\/wp\/v2\/product_cat?post=15496"},{"taxonomy":"product_tag","embeddable":true,"href":"https:\/\/innocentiemangonipiante.it\/de\/wp-json\/wp\/v2\/product_tag?post=15496"}],"curies":[{"name":"wp","href":"https:\/\/api.w.org\/{rel}","templated":true}]}}