{"id":15497,"date":"2023-11-04T02:54:05","date_gmt":"2023-11-04T01:54:05","guid":{"rendered":"http:\/\/innocentiemangonipiante.it\/quercus-rysophylla-maya\/"},"modified":"2023-11-08T13:03:14","modified_gmt":"2023-11-08T12:03:14","slug":"quercus-rysophylla-maya","status":"publish","type":"product","link":"https:\/\/innocentiemangonipiante.it\/de\/quercus-rysophylla-maya\/","title":{"rendered":"QUERCUS rysophylla &#8218;Maya&#8216;"},"content":{"rendered":"<p>Immergr\u00fcne Sorte mit gro\u00dfen ledrigen Bl\u00e4ttern mit einer L\u00e4nge von bis zu 25 cm. Die Bl\u00e4tter sind beim Austrieb purpurrot und werden dann intensiv gr\u00fcn.<\/p>\n","protected":false},"excerpt":{"rendered":"<p>Immergr\u00fcne Sorte mit gro\u00dfen ledrigen Bl\u00e4ttern mit einer L\u00e4nge von bis zu 25 cm. Die Bl\u00e4tter sind beim Austrieb purpurrot und werden dann intensiv gr\u00fcn.<\/p>\n","protected":false},"featured_media":5242,"template":"","meta":{"_acf_changed":false},"product_brand":[],"product_cat":[8813,9231],"product_tag":[10898,8401,8597],"class_list":{"0":"post-15497","1":"product","2":"type-product","3":"status-publish","4":"has-post-thumbnail","6":"product_cat-laubbaume-und-straucher","7":"product_cat-baume-und-pflanzen-der-zukunft","8":"product_tag-naturlichen","9":"product_tag-hochstamm","10":"product_tag-multistamm","11":"pa_altezza-massima-600-de","12":"pa_altezza-massima-800-de","13":"pa_condizionamento-m-de","14":"pa_famiglia-fagaceae-de-2","15":"pa_genere-quercus-de","16":"pa_origine-mexiko","17":"pa_portamento-arrotondato-de","18":"pa_resistenza-climatica-sehr-hoch","19":"pa_resistenza-del-suolo-bestandig-gegen-kalkhaltige-boden","20":"pa_resistenza-del-suolo-bestandig-gegen-trockene-boden","21":"pa_utilizzo-parks-de","23":"first","24":"instock","25":"purchasable","26":"product-type-simple"},"acf":[],"_links":{"self":[{"href":"https:\/\/innocentiemangonipiante.it\/de\/wp-json\/wp\/v2\/product\/15497","targetHints":{"allow":["GET"]}}],"collection":[{"href":"https:\/\/innocentiemangonipiante.it\/de\/wp-json\/wp\/v2\/product"}],"about":[{"href":"https:\/\/innocentiemangonipiante.it\/de\/wp-json\/wp\/v2\/types\/product"}],"wp:featuredmedia":[{"embeddable":true,"href":"https:\/\/innocentiemangonipiante.it\/de\/wp-json\/wp\/v2\/media\/5242"}],"wp:attachment":[{"href":"https:\/\/innocentiemangonipiante.it\/de\/wp-json\/wp\/v2\/media?parent=15497"}],"wp:term":[{"taxonomy":"product_brand","embeddable":true,"href":"https:\/\/innocentiemangonipiante.it\/de\/wp-json\/wp\/v2\/product_brand?post=15497"},{"taxonomy":"product_cat","embeddable":true,"href":"https:\/\/innocentiemangonipiante.it\/de\/wp-json\/wp\/v2\/product_cat?post=15497"},{"taxonomy":"product_tag","embeddable":true,"href":"https:\/\/innocentiemangonipiante.it\/de\/wp-json\/wp\/v2\/product_tag?post=15497"}],"curies":[{"name":"wp","href":"https:\/\/api.w.org\/{rel}","templated":true}]}}