{"id":15498,"date":"2023-11-04T02:53:59","date_gmt":"2023-11-04T01:53:59","guid":{"rendered":"http:\/\/innocentiemangonipiante.it\/quercus-rysophylla\/"},"modified":"2023-11-08T13:03:11","modified_gmt":"2023-11-08T12:03:11","slug":"quercus-rysophylla","status":"publish","type":"product","link":"https:\/\/innocentiemangonipiante.it\/de\/quercus-rysophylla\/","title":{"rendered":"QUERCUS rysophylla"},"content":{"rendered":"<p>Immergr\u00fcn mit ledrigen, dicken, dunkelgr\u00fcnen Bl\u00e4ttern, die neuen Triebe sind bronzefarben oder r\u00f6tlich.<\/p>\n","protected":false},"excerpt":{"rendered":"<p>Immergr\u00fcn mit ledrigen, dicken, dunkelgr\u00fcnen Bl\u00e4ttern, die neuen Triebe sind bronzefarben oder r\u00f6tlich.<\/p>\n","protected":false},"featured_media":5236,"template":"","meta":{"_acf_changed":false},"product_brand":[],"product_cat":[8813],"product_tag":[10898,8401,8597],"class_list":{"0":"post-15498","1":"product","2":"type-product","3":"status-publish","4":"has-post-thumbnail","6":"product_cat-laubbaume-und-straucher","7":"product_tag-naturlichen","8":"product_tag-hochstamm","9":"product_tag-multistamm","10":"pa_altezza-massima-800-de","11":"pa_altezza-massima-1000-de-2","12":"pa_condizionamento-clt-de","13":"pa_condizionamento-m-de","14":"pa_famiglia-fagaceae-de-2","15":"pa_genere-quercus-de","16":"pa_origine-mexiko","17":"pa_portamento-arrotondato-de","18":"pa_resistenza-climatica-sehr-hoch","19":"pa_utilizzo-alleen","20":"pa_utilizzo-parks-de","22":"first","23":"instock","24":"purchasable","25":"product-type-simple"},"acf":[],"_links":{"self":[{"href":"https:\/\/innocentiemangonipiante.it\/de\/wp-json\/wp\/v2\/product\/15498","targetHints":{"allow":["GET"]}}],"collection":[{"href":"https:\/\/innocentiemangonipiante.it\/de\/wp-json\/wp\/v2\/product"}],"about":[{"href":"https:\/\/innocentiemangonipiante.it\/de\/wp-json\/wp\/v2\/types\/product"}],"wp:featuredmedia":[{"embeddable":true,"href":"https:\/\/innocentiemangonipiante.it\/de\/wp-json\/wp\/v2\/media\/5236"}],"wp:attachment":[{"href":"https:\/\/innocentiemangonipiante.it\/de\/wp-json\/wp\/v2\/media?parent=15498"}],"wp:term":[{"taxonomy":"product_brand","embeddable":true,"href":"https:\/\/innocentiemangonipiante.it\/de\/wp-json\/wp\/v2\/product_brand?post=15498"},{"taxonomy":"product_cat","embeddable":true,"href":"https:\/\/innocentiemangonipiante.it\/de\/wp-json\/wp\/v2\/product_cat?post=15498"},{"taxonomy":"product_tag","embeddable":true,"href":"https:\/\/innocentiemangonipiante.it\/de\/wp-json\/wp\/v2\/product_tag?post=15498"}],"curies":[{"name":"wp","href":"https:\/\/api.w.org\/{rel}","templated":true}]}}