{"id":15499,"date":"2023-11-04T02:53:50","date_gmt":"2023-11-04T01:53:50","guid":{"rendered":"http:\/\/innocentiemangonipiante.it\/quercus-rubra\/"},"modified":"2023-11-08T13:03:09","modified_gmt":"2023-11-08T12:03:09","slug":"quercus-rubra","status":"publish","type":"product","link":"https:\/\/innocentiemangonipiante.it\/de\/quercus-rubra\/","title":{"rendered":"QUERCUS rubra"},"content":{"rendered":"<p>Sommergr\u00fcner, ausladender Baum schnellen Wachstums mit glatter grau-brauner Rinde. Die elliptischen, wechselst\u00e4ndigen Bl\u00e4tter mit gezackten und spitzen Lappen sind an der Spitze borstig. Die dunkelgr\u00fcne Blattfarbe nimmt im Herbst eine rot-orange und scharlachrote Farbe an.<\/p>\n","protected":false},"excerpt":{"rendered":"<p>Sommergr\u00fcner, ausladender Baum schnellen Wachstums mit glatter grau-brauner Rinde. Die elliptischen, wechselst\u00e4ndigen Bl\u00e4tter mit gezackten und spitzen Lappen sind an der Spitze borstig. Die dunkelgr\u00fcne Blattfarbe nimmt im Herbst eine rot-orange und scharlachrote Farbe an.<\/p>\n","protected":false},"featured_media":5230,"template":"","meta":{"_acf_changed":false},"product_brand":[],"product_cat":[8813],"product_tag":[10898,8401,8597],"class_list":{"0":"post-15499","1":"product","2":"type-product","3":"status-publish","4":"has-post-thumbnail","6":"product_cat-laubbaume-und-straucher","7":"product_tag-naturlichen","8":"product_tag-hochstamm","9":"product_tag-multistamm","10":"pa_altezza-massima-20-meter","11":"pa_altezza-massima-25-meter","12":"pa_condizionamento-clt-de","13":"pa_condizionamento-jungplanzen","14":"pa_condizionamento-m-de","15":"pa_famiglia-fagaceae-de-2","16":"pa_genere-quercus-de","17":"pa_inquinamento-bestaendigkeit-gegen-smog","18":"pa_origine-u-s-a","19":"pa_portamento-arrotondato-de","20":"pa_resistenza-climatica-sehr-hoch","21":"pa_resistenza-del-suolo-bestandig-gegen-kalkhaltige-boden","22":"pa_resistenza-del-suolo-bestandig-gegen-trockene-boden","23":"pa_salinita-bestaendigkeit-in-meeresluft","24":"pa_utilizzo-alleen","25":"pa_utilizzo-parks-de","27":"first","28":"instock","29":"purchasable","30":"product-type-simple"},"acf":[],"_links":{"self":[{"href":"https:\/\/innocentiemangonipiante.it\/de\/wp-json\/wp\/v2\/product\/15499","targetHints":{"allow":["GET"]}}],"collection":[{"href":"https:\/\/innocentiemangonipiante.it\/de\/wp-json\/wp\/v2\/product"}],"about":[{"href":"https:\/\/innocentiemangonipiante.it\/de\/wp-json\/wp\/v2\/types\/product"}],"wp:featuredmedia":[{"embeddable":true,"href":"https:\/\/innocentiemangonipiante.it\/de\/wp-json\/wp\/v2\/media\/5230"}],"wp:attachment":[{"href":"https:\/\/innocentiemangonipiante.it\/de\/wp-json\/wp\/v2\/media?parent=15499"}],"wp:term":[{"taxonomy":"product_brand","embeddable":true,"href":"https:\/\/innocentiemangonipiante.it\/de\/wp-json\/wp\/v2\/product_brand?post=15499"},{"taxonomy":"product_cat","embeddable":true,"href":"https:\/\/innocentiemangonipiante.it\/de\/wp-json\/wp\/v2\/product_cat?post=15499"},{"taxonomy":"product_tag","embeddable":true,"href":"https:\/\/innocentiemangonipiante.it\/de\/wp-json\/wp\/v2\/product_tag?post=15499"}],"curies":[{"name":"wp","href":"https:\/\/api.w.org\/{rel}","templated":true}]}}