{"id":15501,"date":"2023-11-04T02:53:36","date_gmt":"2023-11-04T01:53:36","guid":{"rendered":"http:\/\/innocentiemangonipiante.it\/quercus-robur-regal-prince\/"},"modified":"2023-11-08T13:03:03","modified_gmt":"2023-11-08T12:03:03","slug":"quercus-robur-regal-prince","status":"publish","type":"product","link":"https:\/\/innocentiemangonipiante.it\/de\/quercus-robur-regal-prince\/","title":{"rendered":"QUERCUS robur &#8218;Regal Prince&#8216; \u00ae"},"content":{"rendered":"<p>Dieser\u201a moderne\u2018 Hybride mit schmal aufstrebender Silhouette ist entstanden aus einer Kreuzung von Q. robur \u201aFastigiata\u2018 und Q. bicolor. Er passt sich an alle B\u00f6den an, sowohl eher saure B\u00f6den wie kalkhaltige, feuchten oder trockenen Grund. Au\u00dferdem hat er eine gute Resistenz gegen diverse Krankheiten und echten Mehltau. Sch\u00f6ne goldene Herbstf\u00e4rbung.<\/p>\n","protected":false},"excerpt":{"rendered":"<p>Dieser\u201a moderne\u2018 Hybride mit schmal aufstrebender Silhouette ist entstanden aus einer Kreuzung von Q. robur \u201aFastigiata\u2018 und Q. bicolor. Er passt sich an alle B\u00f6den an, sowohl eher saure B\u00f6den wie kalkhaltige, feuchten oder trockenen Grund. Au\u00dferdem hat er eine gute Resistenz gegen diverse Krankheiten und echten Mehltau. Sch\u00f6ne goldene Herbstf\u00e4rbung.<\/p>\n","protected":false},"featured_media":5218,"template":"","meta":{"_acf_changed":false},"product_brand":[],"product_cat":[8813],"product_tag":[10898,8401],"class_list":{"0":"post-15501","1":"product","2":"type-product","3":"status-publish","4":"has-post-thumbnail","6":"product_cat-laubbaume-und-straucher","7":"product_tag-naturlichen","8":"product_tag-hochstamm","9":"pa_altezza-massima-15-meter","10":"pa_altezza-massima-20-meter","11":"pa_condizionamento-clt-de","12":"pa_condizionamento-m-de","13":"pa_famiglia-fagaceae-de-2","14":"pa_genere-quercus-de","15":"pa_origine-u-s-a","16":"pa_portamento-saulenformig","17":"pa_resistenza-climatica-sehr-hoch","18":"pa_resistenza-del-suolo-bestandig-gegen-kalkhaltige-boden","19":"pa_resistenza-del-suolo-bestandig-gegen-trockene-boden","20":"pa_resistenza-del-suolo-bestandigkeit-auf-feuchten-boden","21":"pa_salinita-bestaendigkeit-in-meeresluft","22":"pa_utilizzo-alleen","24":"first","25":"instock","26":"purchasable","27":"product-type-simple"},"acf":[],"_links":{"self":[{"href":"https:\/\/innocentiemangonipiante.it\/de\/wp-json\/wp\/v2\/product\/15501","targetHints":{"allow":["GET"]}}],"collection":[{"href":"https:\/\/innocentiemangonipiante.it\/de\/wp-json\/wp\/v2\/product"}],"about":[{"href":"https:\/\/innocentiemangonipiante.it\/de\/wp-json\/wp\/v2\/types\/product"}],"wp:featuredmedia":[{"embeddable":true,"href":"https:\/\/innocentiemangonipiante.it\/de\/wp-json\/wp\/v2\/media\/5218"}],"wp:attachment":[{"href":"https:\/\/innocentiemangonipiante.it\/de\/wp-json\/wp\/v2\/media?parent=15501"}],"wp:term":[{"taxonomy":"product_brand","embeddable":true,"href":"https:\/\/innocentiemangonipiante.it\/de\/wp-json\/wp\/v2\/product_brand?post=15501"},{"taxonomy":"product_cat","embeddable":true,"href":"https:\/\/innocentiemangonipiante.it\/de\/wp-json\/wp\/v2\/product_cat?post=15501"},{"taxonomy":"product_tag","embeddable":true,"href":"https:\/\/innocentiemangonipiante.it\/de\/wp-json\/wp\/v2\/product_tag?post=15501"}],"curies":[{"name":"wp","href":"https:\/\/api.w.org\/{rel}","templated":true}]}}