{"id":15504,"date":"2023-11-04T02:53:07","date_gmt":"2023-11-04T01:53:07","guid":{"rendered":"http:\/\/innocentiemangonipiante.it\/quercus-pyrenaica\/"},"modified":"2023-11-08T13:02:49","modified_gmt":"2023-11-08T12:02:49","slug":"quercus-pyrenaica","status":"publish","type":"product","link":"https:\/\/innocentiemangonipiante.it\/de\/quercus-pyrenaica\/","title":{"rendered":"QUERCUS pyrenaica"},"content":{"rendered":"<p>Laubbaum mit s\u00e4ulenf\u00f6rmigen Wuchs. Seine Entwicklung ist langsam. Gute Widerstandsf\u00e4higkeit gegen Trockenheit und Frost.<\/p>\n","protected":false},"excerpt":{"rendered":"<p>Laubbaum mit s\u00e4ulenf\u00f6rmigen Wuchs. Seine Entwicklung ist langsam. Gute Widerstandsf\u00e4higkeit gegen Trockenheit und Frost.<\/p>\n","protected":false},"featured_media":5195,"template":"","meta":{"_acf_changed":false},"product_brand":[],"product_cat":[8813],"product_tag":[10898,8401],"class_list":{"0":"post-15504","1":"product","2":"type-product","3":"status-publish","4":"has-post-thumbnail","6":"product_cat-laubbaume-und-straucher","7":"product_tag-naturlichen","8":"product_tag-hochstamm","9":"pa_altezza-massima-20-meter","10":"pa_altezza-massima-25-meter","11":"pa_condizionamento-m-de","12":"pa_famiglia-fagaceae-de-2","13":"pa_genere-quercus-de","14":"pa_origine-europe-de","15":"pa_portamento-arrotondato-de","16":"pa_resistenza-climatica-mittel-hoch","17":"pa_resistenza-del-suolo-bestandig-gegen-kalkhaltige-boden","18":"pa_resistenza-del-suolo-bestandig-gegen-trockene-boden","19":"pa_utilizzo-parks-de","21":"first","22":"instock","23":"purchasable","24":"product-type-simple"},"acf":[],"_links":{"self":[{"href":"https:\/\/innocentiemangonipiante.it\/de\/wp-json\/wp\/v2\/product\/15504","targetHints":{"allow":["GET"]}}],"collection":[{"href":"https:\/\/innocentiemangonipiante.it\/de\/wp-json\/wp\/v2\/product"}],"about":[{"href":"https:\/\/innocentiemangonipiante.it\/de\/wp-json\/wp\/v2\/types\/product"}],"wp:featuredmedia":[{"embeddable":true,"href":"https:\/\/innocentiemangonipiante.it\/de\/wp-json\/wp\/v2\/media\/5195"}],"wp:attachment":[{"href":"https:\/\/innocentiemangonipiante.it\/de\/wp-json\/wp\/v2\/media?parent=15504"}],"wp:term":[{"taxonomy":"product_brand","embeddable":true,"href":"https:\/\/innocentiemangonipiante.it\/de\/wp-json\/wp\/v2\/product_brand?post=15504"},{"taxonomy":"product_cat","embeddable":true,"href":"https:\/\/innocentiemangonipiante.it\/de\/wp-json\/wp\/v2\/product_cat?post=15504"},{"taxonomy":"product_tag","embeddable":true,"href":"https:\/\/innocentiemangonipiante.it\/de\/wp-json\/wp\/v2\/product_tag?post=15504"}],"curies":[{"name":"wp","href":"https:\/\/api.w.org\/{rel}","templated":true}]}}