{"id":15505,"date":"2023-11-04T02:52:59","date_gmt":"2023-11-04T01:52:59","guid":{"rendered":"http:\/\/innocentiemangonipiante.it\/quercus-pubescens\/"},"modified":"2023-11-08T13:02:19","modified_gmt":"2023-11-08T12:02:19","slug":"quercus-pubescens","status":"publish","type":"product","link":"https:\/\/innocentiemangonipiante.it\/de\/quercus-pubescens\/","title":{"rendered":"QUERCUS pubescens"},"content":{"rendered":"<p>Sommergr\u00fcner, ausbreitender Baum, mit tief durchfurchter, grauer bis schwarzer Rinde. Die Bl\u00e4tter sind l\u00e4nglich-eif\u00f6rmig, grau-gr\u00fcn bis 10 cm lang, mit runden gespitzten Lappen.<\/p>\n","protected":false},"excerpt":{"rendered":"<p>Sommergr\u00fcner, ausbreitender Baum, mit tief durchfurchter, grauer bis schwarzer Rinde. Die Bl\u00e4tter sind l\u00e4nglich-eif\u00f6rmig, grau-gr\u00fcn bis 10 cm lang, mit runden gespitzten Lappen.<\/p>\n","protected":false},"featured_media":5189,"template":"","meta":{"_acf_changed":false},"product_brand":[],"product_cat":[8813,9231],"product_tag":[10898,8401,8597],"class_list":{"0":"post-15505","1":"product","2":"type-product","3":"status-publish","4":"has-post-thumbnail","6":"product_cat-laubbaume-und-straucher","7":"product_cat-baume-und-pflanzen-der-zukunft","8":"product_tag-naturlichen","9":"product_tag-hochstamm","10":"product_tag-multistamm","11":"pa_altezza-massima-15-meter","12":"pa_altezza-massima-20-meter","13":"pa_condizionamento-clt-de","14":"pa_condizionamento-jungplanzen","15":"pa_condizionamento-m-de","16":"pa_famiglia-fagaceae-de-2","17":"pa_genere-quercus-de","18":"pa_origine-mitteleuropa","19":"pa_portamento-arrotondato-de","20":"pa_resistenza-climatica-sehr-hoch","21":"pa_resistenza-del-suolo-bestandig-gegen-kalkhaltige-boden","22":"pa_resistenza-del-suolo-bestandig-gegen-trockene-boden","23":"pa_utilizzo-parks-de","25":"first","26":"instock","27":"purchasable","28":"product-type-simple"},"acf":[],"_links":{"self":[{"href":"https:\/\/innocentiemangonipiante.it\/de\/wp-json\/wp\/v2\/product\/15505","targetHints":{"allow":["GET"]}}],"collection":[{"href":"https:\/\/innocentiemangonipiante.it\/de\/wp-json\/wp\/v2\/product"}],"about":[{"href":"https:\/\/innocentiemangonipiante.it\/de\/wp-json\/wp\/v2\/types\/product"}],"wp:featuredmedia":[{"embeddable":true,"href":"https:\/\/innocentiemangonipiante.it\/de\/wp-json\/wp\/v2\/media\/5189"}],"wp:attachment":[{"href":"https:\/\/innocentiemangonipiante.it\/de\/wp-json\/wp\/v2\/media?parent=15505"}],"wp:term":[{"taxonomy":"product_brand","embeddable":true,"href":"https:\/\/innocentiemangonipiante.it\/de\/wp-json\/wp\/v2\/product_brand?post=15505"},{"taxonomy":"product_cat","embeddable":true,"href":"https:\/\/innocentiemangonipiante.it\/de\/wp-json\/wp\/v2\/product_cat?post=15505"},{"taxonomy":"product_tag","embeddable":true,"href":"https:\/\/innocentiemangonipiante.it\/de\/wp-json\/wp\/v2\/product_tag?post=15505"}],"curies":[{"name":"wp","href":"https:\/\/api.w.org\/{rel}","templated":true}]}}