{"id":15506,"date":"2023-11-04T02:52:38","date_gmt":"2023-11-04T01:52:38","guid":{"rendered":"http:\/\/innocentiemangonipiante.it\/quercus-petraea\/"},"modified":"2023-11-08T13:02:09","modified_gmt":"2023-11-08T12:02:09","slug":"quercus-petraea","status":"publish","type":"product","link":"https:\/\/innocentiemangonipiante.it\/de\/quercus-petraea\/","title":{"rendered":"QUERCUS petraea"},"content":{"rendered":"<p>Grosser sommergr\u00fcner Baum mit schnellem und rundem Wachstum. Sehr langlebige Sorte. Bevorzugt drainierte B\u00f6den. Die Rinde ist sehr gespaltet und gefurcht. Die eif\u00f6rmigen, gelappten Bl\u00e4tter konnen bis 12 cm Gross werden.<\/p>\n","protected":false},"excerpt":{"rendered":"<p>Grosser sommergr\u00fcner Baum mit schnellem und rundem Wachstum. Sehr langlebige Sorte. Bevorzugt drainierte B\u00f6den. Die Rinde ist sehr gespaltet und gefurcht. Die eif\u00f6rmigen, gelappten Bl\u00e4tter konnen bis 12 cm Gross werden.<\/p>\n","protected":false},"featured_media":5182,"template":"","meta":{"_acf_changed":false},"product_brand":[],"product_cat":[8813],"product_tag":[10898,8401],"class_list":{"0":"post-15506","1":"product","2":"type-product","3":"status-publish","4":"has-post-thumbnail","6":"product_cat-laubbaume-und-straucher","7":"product_tag-naturlichen","8":"product_tag-hochstamm","9":"pa_altezza-massima-30-meter","10":"pa_altezza-massima-40-meter","11":"pa_condizionamento-clt-de","12":"pa_condizionamento-m-de","13":"pa_famiglia-fagaceae-de-2","14":"pa_genere-quercus-de","15":"pa_inquinamento-bestaendigkeit-gegen-smog","16":"pa_origine-westeuropa","17":"pa_portamento-arrotondato-de","18":"pa_resistenza-climatica-sehr-hoch","19":"pa_resistenza-del-suolo-bestandig-gegen-kalkhaltige-boden","20":"pa_resistenza-del-suolo-bestandig-gegen-trockene-boden","21":"pa_salinita-bestaendigkeit-in-meeresluft","22":"pa_utilizzo-alleen","24":"first","25":"instock","26":"purchasable","27":"product-type-simple"},"acf":[],"_links":{"self":[{"href":"https:\/\/innocentiemangonipiante.it\/de\/wp-json\/wp\/v2\/product\/15506","targetHints":{"allow":["GET"]}}],"collection":[{"href":"https:\/\/innocentiemangonipiante.it\/de\/wp-json\/wp\/v2\/product"}],"about":[{"href":"https:\/\/innocentiemangonipiante.it\/de\/wp-json\/wp\/v2\/types\/product"}],"wp:featuredmedia":[{"embeddable":true,"href":"https:\/\/innocentiemangonipiante.it\/de\/wp-json\/wp\/v2\/media\/5182"}],"wp:attachment":[{"href":"https:\/\/innocentiemangonipiante.it\/de\/wp-json\/wp\/v2\/media?parent=15506"}],"wp:term":[{"taxonomy":"product_brand","embeddable":true,"href":"https:\/\/innocentiemangonipiante.it\/de\/wp-json\/wp\/v2\/product_brand?post=15506"},{"taxonomy":"product_cat","embeddable":true,"href":"https:\/\/innocentiemangonipiante.it\/de\/wp-json\/wp\/v2\/product_cat?post=15506"},{"taxonomy":"product_tag","embeddable":true,"href":"https:\/\/innocentiemangonipiante.it\/de\/wp-json\/wp\/v2\/product_tag?post=15506"}],"curies":[{"name":"wp","href":"https:\/\/api.w.org\/{rel}","templated":true}]}}