{"id":15507,"date":"2023-11-04T02:52:32","date_gmt":"2023-11-04T01:52:32","guid":{"rendered":"http:\/\/innocentiemangonipiante.it\/quercus-palustris-green-pillar\/"},"modified":"2023-11-08T13:02:07","modified_gmt":"2023-11-08T12:02:07","slug":"quercus-palustris-green-pillar","status":"publish","type":"product","link":"https:\/\/innocentiemangonipiante.it\/de\/quercus-palustris-green-pillar\/","title":{"rendered":"QUERCUS palustris &#8218;Green Pillar&#8216; \u00ae"},"content":{"rendered":"<p>Diese Neuz\u00fcchtung von Q. palustris mit schmaler und hochragender Silhouette ist ideal f\u00fcr Stellen, an denen nicht viel Platz ist. Er ist vielseitig in seiner Verwendung, da er sich sowohl an feuchte B\u00f6den wie an m\u00e4\u00dfig trockene, lehmige oder sandige B\u00f6den anpasst und Wind oder Umweltbelastungen ihm nichts ausmachen\u2026 Auffallend ist im Herbst seine leuchtende purpurrote Verf\u00e4rbung.<\/p>\n","protected":false},"excerpt":{"rendered":"<p>Diese Neuz\u00fcchtung von Q. palustris mit schmaler und hochragender Silhouette ist ideal f\u00fcr Stellen, an denen nicht viel Platz ist. Er ist vielseitig in seiner Verwendung, da er sich sowohl an feuchte B\u00f6den wie an m\u00e4\u00dfig trockene, lehmige oder sandige B\u00f6den anpasst und Wind oder Umweltbelastungen ihm nichts ausmachen\u2026 Auffallend ist im Herbst seine leuchtende [&hellip;]<\/p>\n","protected":false},"featured_media":5176,"template":"","meta":{"_acf_changed":false},"product_brand":[],"product_cat":[8813],"product_tag":[10898,8401],"class_list":{"0":"post-15507","1":"product","2":"type-product","3":"status-publish","4":"has-post-thumbnail","6":"product_cat-laubbaume-und-straucher","7":"product_tag-naturlichen","8":"product_tag-hochstamm","9":"pa_altezza-massima-1000-de-2","10":"pa_altezza-massima-15-meter","11":"pa_condizionamento-clt-de","12":"pa_condizionamento-m-de","13":"pa_famiglia-fagaceae-de-2","14":"pa_genere-quercus-de","15":"pa_inquinamento-bestaendigkeit-gegen-smog","16":"pa_origine-u-s-a","17":"pa_portamento-arrotondato-de","18":"pa_resistenza-climatica-sehr-hoch","19":"pa_resistenza-del-suolo-bestandig-gegen-kalkhaltige-boden","20":"pa_resistenza-del-suolo-bestandig-gegen-trockene-boden","21":"pa_utilizzo-alleen","22":"pa_utilizzo-kleine-gaerten","23":"pa_utilizzo-parks-de","25":"first","26":"instock","27":"purchasable","28":"product-type-simple"},"acf":[],"_links":{"self":[{"href":"https:\/\/innocentiemangonipiante.it\/de\/wp-json\/wp\/v2\/product\/15507","targetHints":{"allow":["GET"]}}],"collection":[{"href":"https:\/\/innocentiemangonipiante.it\/de\/wp-json\/wp\/v2\/product"}],"about":[{"href":"https:\/\/innocentiemangonipiante.it\/de\/wp-json\/wp\/v2\/types\/product"}],"wp:featuredmedia":[{"embeddable":true,"href":"https:\/\/innocentiemangonipiante.it\/de\/wp-json\/wp\/v2\/media\/5176"}],"wp:attachment":[{"href":"https:\/\/innocentiemangonipiante.it\/de\/wp-json\/wp\/v2\/media?parent=15507"}],"wp:term":[{"taxonomy":"product_brand","embeddable":true,"href":"https:\/\/innocentiemangonipiante.it\/de\/wp-json\/wp\/v2\/product_brand?post=15507"},{"taxonomy":"product_cat","embeddable":true,"href":"https:\/\/innocentiemangonipiante.it\/de\/wp-json\/wp\/v2\/product_cat?post=15507"},{"taxonomy":"product_tag","embeddable":true,"href":"https:\/\/innocentiemangonipiante.it\/de\/wp-json\/wp\/v2\/product_tag?post=15507"}],"curies":[{"name":"wp","href":"https:\/\/api.w.org\/{rel}","templated":true}]}}