{"id":15508,"date":"2023-11-04T02:52:25","date_gmt":"2023-11-04T01:52:25","guid":{"rendered":"http:\/\/innocentiemangonipiante.it\/quercus-palustris-green-dwarf\/"},"modified":"2023-11-08T13:02:03","modified_gmt":"2023-11-08T12:02:03","slug":"quercus-palustris-green-dwarf","status":"publish","type":"product","link":"https:\/\/innocentiemangonipiante.it\/de\/quercus-palustris-green-dwarf\/","title":{"rendered":"QUERCUS palustris &#8218;Green Dwarf&#8216; \u00ae"},"content":{"rendered":"<p>Laubwerfender Strauch oder kleiner Baum von rundem Wuchs und tief gelappten und dunkelgr\u00fcnen Bl\u00e4ttern von 12 bis 15 cm L\u00e4nge. Sch\u00f6ne herbstliche F\u00e4rbung von Rot \u00fcber Gelb bis Braun.<\/p>\n","protected":false},"excerpt":{"rendered":"<p>Laubwerfender Strauch oder kleiner Baum von rundem Wuchs und tief gelappten und dunkelgr\u00fcnen Bl\u00e4ttern von 12 bis 15 cm L\u00e4nge. Sch\u00f6ne herbstliche F\u00e4rbung von Rot \u00fcber Gelb bis Braun.<\/p>\n","protected":false},"featured_media":5170,"template":"","meta":{"_acf_changed":false},"product_brand":[],"product_cat":[8813],"product_tag":[10898,8401],"class_list":{"0":"post-15508","1":"product","2":"type-product","3":"status-publish","4":"has-post-thumbnail","6":"product_cat-laubbaume-und-straucher","7":"product_tag-naturlichen","8":"product_tag-hochstamm","9":"pa_altezza-massima-200-de","10":"pa_altezza-massima-300-de","11":"pa_condizionamento-clt-de","12":"pa_famiglia-fagaceae-de-2","13":"pa_genere-quercus-de","14":"pa_inquinamento-bestaendigkeit-gegen-smog","15":"pa_origine-holland-de","16":"pa_portamento-arrotondato-de","17":"pa_resistenza-climatica-sehr-hoch","18":"pa_resistenza-del-suolo-bestandig-gegen-kalkhaltige-boden","19":"pa_resistenza-del-suolo-bestandig-gegen-trockene-boden","20":"pa_salinita-bestaendigkeit-in-meeresluft","21":"pa_utilizzo-kleine-gaerten","23":"first","24":"instock","25":"purchasable","26":"product-type-simple"},"acf":[],"_links":{"self":[{"href":"https:\/\/innocentiemangonipiante.it\/de\/wp-json\/wp\/v2\/product\/15508","targetHints":{"allow":["GET"]}}],"collection":[{"href":"https:\/\/innocentiemangonipiante.it\/de\/wp-json\/wp\/v2\/product"}],"about":[{"href":"https:\/\/innocentiemangonipiante.it\/de\/wp-json\/wp\/v2\/types\/product"}],"wp:featuredmedia":[{"embeddable":true,"href":"https:\/\/innocentiemangonipiante.it\/de\/wp-json\/wp\/v2\/media\/5170"}],"wp:attachment":[{"href":"https:\/\/innocentiemangonipiante.it\/de\/wp-json\/wp\/v2\/media?parent=15508"}],"wp:term":[{"taxonomy":"product_brand","embeddable":true,"href":"https:\/\/innocentiemangonipiante.it\/de\/wp-json\/wp\/v2\/product_brand?post=15508"},{"taxonomy":"product_cat","embeddable":true,"href":"https:\/\/innocentiemangonipiante.it\/de\/wp-json\/wp\/v2\/product_cat?post=15508"},{"taxonomy":"product_tag","embeddable":true,"href":"https:\/\/innocentiemangonipiante.it\/de\/wp-json\/wp\/v2\/product_tag?post=15508"}],"curies":[{"name":"wp","href":"https:\/\/api.w.org\/{rel}","templated":true}]}}