{"id":15509,"date":"2023-11-04T02:52:18","date_gmt":"2023-11-04T01:52:18","guid":{"rendered":"http:\/\/innocentiemangonipiante.it\/quercus-palustris\/"},"modified":"2023-11-08T13:02:01","modified_gmt":"2023-11-08T12:02:01","slug":"quercus-palustris","status":"publish","type":"product","link":"https:\/\/innocentiemangonipiante.it\/de\/quercus-palustris\/","title":{"rendered":"QUERCUS palustris"},"content":{"rendered":"<p>\u201cSumpfeiche\u201d. Sommergr\u00fcner, breit kegelf\u00f6rmiger Baum mit schnellem Wachstum. Die elliptischen, gelappten, gl\u00e4nzenden Bl\u00e4tter sind mittelbis dunkelgr\u00fcn und werden bis 15 cm lang. In den Blattachseln der unteren Blatt\u00e4derungen wachsen gro\u00dfe Haarb\u00fcschel.<\/p>\n","protected":false},"excerpt":{"rendered":"<p>\u201cSumpfeiche\u201d. Sommergr\u00fcner, breit kegelf\u00f6rmiger Baum mit schnellem Wachstum. Die elliptischen, gelappten, gl\u00e4nzenden Bl\u00e4tter sind mittelbis dunkelgr\u00fcn und werden bis 15 cm lang. In den Blattachseln der unteren Blatt\u00e4derungen wachsen gro\u00dfe Haarb\u00fcschel.<\/p>\n","protected":false},"featured_media":5164,"template":"","meta":{"_acf_changed":false},"product_brand":[],"product_cat":[8813],"product_tag":[10898,8401],"class_list":{"0":"post-15509","1":"product","2":"type-product","3":"status-publish","4":"has-post-thumbnail","6":"product_cat-laubbaume-und-straucher","7":"product_tag-naturlichen","8":"product_tag-hochstamm","9":"pa_altezza-massima-20-meter","10":"pa_altezza-massima-25-meter","11":"pa_condizionamento-clt-de","12":"pa_condizionamento-m-de","13":"pa_famiglia-fagaceae-de-2","14":"pa_genere-quercus-de","15":"pa_inquinamento-bestaendigkeit-gegen-smog","16":"pa_origine-u-s-a","17":"pa_periodo-fioritura-mai-de","18":"pa_portamento-piramidale-de","19":"pa_resistenza-climatica-sehr-hoch","20":"pa_resistenza-del-suolo-bestandig-gegen-kalkhaltige-boden","21":"pa_resistenza-del-suolo-bestandig-gegen-trockene-boden","22":"pa_utilizzo-alleen","23":"pa_utilizzo-parks-de","25":"first","26":"instock","27":"purchasable","28":"product-type-simple"},"acf":[],"_links":{"self":[{"href":"https:\/\/innocentiemangonipiante.it\/de\/wp-json\/wp\/v2\/product\/15509","targetHints":{"allow":["GET"]}}],"collection":[{"href":"https:\/\/innocentiemangonipiante.it\/de\/wp-json\/wp\/v2\/product"}],"about":[{"href":"https:\/\/innocentiemangonipiante.it\/de\/wp-json\/wp\/v2\/types\/product"}],"wp:featuredmedia":[{"embeddable":true,"href":"https:\/\/innocentiemangonipiante.it\/de\/wp-json\/wp\/v2\/media\/5164"}],"wp:attachment":[{"href":"https:\/\/innocentiemangonipiante.it\/de\/wp-json\/wp\/v2\/media?parent=15509"}],"wp:term":[{"taxonomy":"product_brand","embeddable":true,"href":"https:\/\/innocentiemangonipiante.it\/de\/wp-json\/wp\/v2\/product_brand?post=15509"},{"taxonomy":"product_cat","embeddable":true,"href":"https:\/\/innocentiemangonipiante.it\/de\/wp-json\/wp\/v2\/product_cat?post=15509"},{"taxonomy":"product_tag","embeddable":true,"href":"https:\/\/innocentiemangonipiante.it\/de\/wp-json\/wp\/v2\/product_tag?post=15509"}],"curies":[{"name":"wp","href":"https:\/\/api.w.org\/{rel}","templated":true}]}}