{"id":15511,"date":"2023-11-04T02:55:02","date_gmt":"2023-11-04T01:55:02","guid":{"rendered":"http:\/\/innocentiemangonipiante.it\/quercus-x-kewensis\/"},"modified":"2023-11-08T13:03:52","modified_gmt":"2023-11-08T12:03:52","slug":"quercus-x-kewensis","status":"publish","type":"product","link":"https:\/\/innocentiemangonipiante.it\/de\/quercus-x-kewensis\/","title":{"rendered":"QUERCUS x kewensis"},"content":{"rendered":"<p>Ein neuer Hybride, der sehr winterfest ist. Er ist Immergr\u00fcn oder halb immergr\u00fcn mit Bl\u00e4ttern \u00e4hnlich denen des Quercus ilex.<\/p>\n","protected":false},"excerpt":{"rendered":"<p>Ein neuer Hybride, der sehr winterfest ist. Er ist Immergr\u00fcn oder halb immergr\u00fcn mit Bl\u00e4ttern \u00e4hnlich denen des Quercus ilex.<\/p>\n","protected":false},"featured_media":5261,"template":"","meta":{"_acf_changed":false},"product_brand":[],"product_cat":[8813],"product_tag":[10898,8401],"class_list":{"0":"post-15511","1":"product","2":"type-product","3":"status-publish","4":"has-post-thumbnail","6":"product_cat-laubbaume-und-straucher","7":"product_tag-naturlichen","8":"product_tag-hochstamm","9":"pa_altezza-massima-800-de","10":"pa_altezza-massima-12-meter","11":"pa_colore-fioritura-gelbe","12":"pa_condizionamento-m-de","13":"pa_famiglia-fagaceae-de-2","14":"pa_genere-quercus-de","15":"pa_origine-england-de","16":"pa_periodo-fioritura-mai-de","17":"pa_portamento-arrotondato-de","18":"pa_resistenza-climatica-mittel-hoch","19":"pa_resistenza-del-suolo-bestandig-gegen-kalkhaltige-boden","20":"pa_resistenza-del-suolo-bestandig-gegen-trockene-boden","21":"pa_utilizzo-parks-de","23":"first","24":"instock","25":"purchasable","26":"product-type-simple"},"acf":[],"_links":{"self":[{"href":"https:\/\/innocentiemangonipiante.it\/de\/wp-json\/wp\/v2\/product\/15511","targetHints":{"allow":["GET"]}}],"collection":[{"href":"https:\/\/innocentiemangonipiante.it\/de\/wp-json\/wp\/v2\/product"}],"about":[{"href":"https:\/\/innocentiemangonipiante.it\/de\/wp-json\/wp\/v2\/types\/product"}],"wp:featuredmedia":[{"embeddable":true,"href":"https:\/\/innocentiemangonipiante.it\/de\/wp-json\/wp\/v2\/media\/5261"}],"wp:attachment":[{"href":"https:\/\/innocentiemangonipiante.it\/de\/wp-json\/wp\/v2\/media?parent=15511"}],"wp:term":[{"taxonomy":"product_brand","embeddable":true,"href":"https:\/\/innocentiemangonipiante.it\/de\/wp-json\/wp\/v2\/product_brand?post=15511"},{"taxonomy":"product_cat","embeddable":true,"href":"https:\/\/innocentiemangonipiante.it\/de\/wp-json\/wp\/v2\/product_cat?post=15511"},{"taxonomy":"product_tag","embeddable":true,"href":"https:\/\/innocentiemangonipiante.it\/de\/wp-json\/wp\/v2\/product_tag?post=15511"}],"curies":[{"name":"wp","href":"https:\/\/api.w.org\/{rel}","templated":true}]}}