{"id":15512,"date":"2023-11-04T02:51:48","date_gmt":"2023-11-04T01:51:48","guid":{"rendered":"http:\/\/innocentiemangonipiante.it\/quercus-imbricaria\/"},"modified":"2023-11-08T13:01:48","modified_gmt":"2023-11-08T12:01:48","slug":"quercus-imbricaria","status":"publish","type":"product","link":"https:\/\/innocentiemangonipiante.it\/de\/quercus-imbricaria\/","title":{"rendered":"QUERCUS imbricaria"},"content":{"rendered":"<p>Sommergr\u00fcner, ausladender Baum mit glatter grau-brauner Rinde und l\u00e4nglichen bis lanzettartigen dunkelgr\u00fcnen Bl\u00e4ttern, deren Blattunterseite von einem gr\u00e4ulichen Flaum bedeckt ist. Gelb-braune Herbstf\u00e4rbung.<\/p>\n","protected":false},"excerpt":{"rendered":"<p>Sommergr\u00fcner, ausladender Baum mit glatter grau-brauner Rinde und l\u00e4nglichen bis lanzettartigen dunkelgr\u00fcnen Bl\u00e4ttern, deren Blattunterseite von einem gr\u00e4ulichen Flaum bedeckt ist. Gelb-braune Herbstf\u00e4rbung.<\/p>\n","protected":false},"featured_media":5151,"template":"","meta":{"_acf_changed":false},"product_brand":[],"product_cat":[8813],"product_tag":[10898,8401],"class_list":{"0":"post-15512","1":"product","2":"type-product","3":"status-publish","4":"has-post-thumbnail","6":"product_cat-laubbaume-und-straucher","7":"product_tag-naturlichen","8":"product_tag-hochstamm","9":"pa_altezza-massima-15-meter","10":"pa_altezza-massima-20-meter","11":"pa_colore-fioritura-gelbe","12":"pa_condizionamento-clt-de","13":"pa_condizionamento-m-de","14":"pa_famiglia-fagaceae-de-2","15":"pa_genere-quercus-de","16":"pa_origine-u-s-a","17":"pa_periodo-fioritura-mai-de","18":"pa_portamento-arrotondato-de","19":"pa_resistenza-climatica-mittel-hoch","20":"pa_resistenza-del-suolo-bestandig-gegen-kalkhaltige-boden","21":"pa_resistenza-del-suolo-bestandig-gegen-trockene-boden","22":"pa_utilizzo-parks-de","24":"first","25":"instock","26":"purchasable","27":"product-type-simple"},"acf":[],"_links":{"self":[{"href":"https:\/\/innocentiemangonipiante.it\/de\/wp-json\/wp\/v2\/product\/15512","targetHints":{"allow":["GET"]}}],"collection":[{"href":"https:\/\/innocentiemangonipiante.it\/de\/wp-json\/wp\/v2\/product"}],"about":[{"href":"https:\/\/innocentiemangonipiante.it\/de\/wp-json\/wp\/v2\/types\/product"}],"wp:featuredmedia":[{"embeddable":true,"href":"https:\/\/innocentiemangonipiante.it\/de\/wp-json\/wp\/v2\/media\/5151"}],"wp:attachment":[{"href":"https:\/\/innocentiemangonipiante.it\/de\/wp-json\/wp\/v2\/media?parent=15512"}],"wp:term":[{"taxonomy":"product_brand","embeddable":true,"href":"https:\/\/innocentiemangonipiante.it\/de\/wp-json\/wp\/v2\/product_brand?post=15512"},{"taxonomy":"product_cat","embeddable":true,"href":"https:\/\/innocentiemangonipiante.it\/de\/wp-json\/wp\/v2\/product_cat?post=15512"},{"taxonomy":"product_tag","embeddable":true,"href":"https:\/\/innocentiemangonipiante.it\/de\/wp-json\/wp\/v2\/product_tag?post=15512"}],"curies":[{"name":"wp","href":"https:\/\/api.w.org\/{rel}","templated":true}]}}