{"id":15513,"date":"2023-11-04T02:51:12","date_gmt":"2023-11-04T01:51:12","guid":{"rendered":"http:\/\/innocentiemangonipiante.it\/quercus-ilex\/"},"modified":"2023-11-08T13:00:48","modified_gmt":"2023-11-08T12:00:48","slug":"quercus-ilex","status":"publish","type":"product","link":"https:\/\/innocentiemangonipiante.it\/de\/quercus-ilex\/","title":{"rendered":"QUERCUS ilex"},"content":{"rendered":"<p>\u2018Steineiche\u2019. Immergr\u00fcner, rundlicher Baum mit dunkelgrauer Rinde und l\u00e4nglich-eif\u00f6rmigen, gl\u00e4nzenden, gez\u00e4hnten Bl\u00e4ttern, die dunkelgr\u00fcn sind mit einer etwas helleren T\u00f6nung auf der Blattunterseite. Bevorzugt sonnige Lage. Schatten und verl\u00e4ngerte K\u00e4lte (-20\u00b0C) kann sch\u00e4dlich sein.<\/p>\n","protected":false},"excerpt":{"rendered":"<p>\u2018Steineiche\u2019. Immergr\u00fcner, rundlicher Baum mit dunkelgrauer Rinde und l\u00e4nglich-eif\u00f6rmigen, gl\u00e4nzenden, gez\u00e4hnten Bl\u00e4ttern, die dunkelgr\u00fcn sind mit einer etwas helleren T\u00f6nung auf der Blattunterseite. Bevorzugt sonnige Lage. Schatten und verl\u00e4ngerte K\u00e4lte (-20\u00b0C) kann sch\u00e4dlich sein.<\/p>\n","protected":false},"featured_media":5145,"template":"","meta":{"_acf_changed":false},"product_brand":[],"product_cat":[8813,9231],"product_tag":[10898,8565,8573,8401,8409,8421,8425,8413,8405,8536,8705,8498,8597,8544,8751],"class_list":{"0":"post-15513","1":"product","2":"type-product","3":"status-publish","4":"has-post-thumbnail","6":"product_cat-laubbaume-und-straucher","7":"product_cat-baume-und-pflanzen-der-zukunft","8":"product_tag-naturlichen","9":"product_tag-halbstamm","10":"product_tag-halbstamm-kugel","11":"product_tag-hochstamm","12":"product_tag-hochstamm-kegel","13":"product_tag-hochstamm-kugel","14":"product_tag-hochstamm-spalier","15":"product_tag-hochstamm-wuerfel","16":"product_tag-hochstamm-zylinder","17":"product_tag-kegel","18":"product_tag-kugel","19":"product_tag-mehrstammig-mit-schirmformiger-krone","20":"product_tag-multistamm","21":"product_tag-solitar","22":"product_tag-spalier","23":"pa_altezza-massima-20-meter","24":"pa_altezza-massima-30-meter","25":"pa_colore-fioritura-gelbe","26":"pa_condizionamento-clt-de","27":"pa_condizionamento-rostfarbenen-spezialtopf","28":"pa_condizionamento-jungplanzen","29":"pa_famiglia-fagaceae-de-2","30":"pa_genere-quercus-de","31":"pa_origine-sudeuropa-de","32":"pa_periodo-fioritura-april-de","33":"pa_portamento-arrotondato-de","34":"pa_resistenza-climatica-mittel-hoch","35":"pa_resistenza-del-suolo-bestandig-gegen-kalkhaltige-boden","36":"pa_resistenza-del-suolo-bestandig-gegen-trockene-boden","37":"pa_salinita-bestaendigkeit-in-meeresluft","38":"pa_utilizzo-parks-de","40":"first","41":"instock","42":"purchasable","43":"product-type-simple"},"acf":[],"_links":{"self":[{"href":"https:\/\/innocentiemangonipiante.it\/de\/wp-json\/wp\/v2\/product\/15513","targetHints":{"allow":["GET"]}}],"collection":[{"href":"https:\/\/innocentiemangonipiante.it\/de\/wp-json\/wp\/v2\/product"}],"about":[{"href":"https:\/\/innocentiemangonipiante.it\/de\/wp-json\/wp\/v2\/types\/product"}],"wp:featuredmedia":[{"embeddable":true,"href":"https:\/\/innocentiemangonipiante.it\/de\/wp-json\/wp\/v2\/media\/5145"}],"wp:attachment":[{"href":"https:\/\/innocentiemangonipiante.it\/de\/wp-json\/wp\/v2\/media?parent=15513"}],"wp:term":[{"taxonomy":"product_brand","embeddable":true,"href":"https:\/\/innocentiemangonipiante.it\/de\/wp-json\/wp\/v2\/product_brand?post=15513"},{"taxonomy":"product_cat","embeddable":true,"href":"https:\/\/innocentiemangonipiante.it\/de\/wp-json\/wp\/v2\/product_cat?post=15513"},{"taxonomy":"product_tag","embeddable":true,"href":"https:\/\/innocentiemangonipiante.it\/de\/wp-json\/wp\/v2\/product_tag?post=15513"}],"curies":[{"name":"wp","href":"https:\/\/api.w.org\/{rel}","templated":true}]}}