{"id":15516,"date":"2023-11-04T02:50:51","date_gmt":"2023-11-04T01:50:51","guid":{"rendered":"http:\/\/innocentiemangonipiante.it\/quercus-frainetto\/"},"modified":"2023-11-08T13:00:40","modified_gmt":"2023-11-08T12:00:40","slug":"quercus-frainetto","status":"publish","type":"product","link":"https:\/\/innocentiemangonipiante.it\/de\/quercus-frainetto\/","title":{"rendered":"QUERCUS frainetto"},"content":{"rendered":"<p>Sommergr\u00fcner ausladender Baum, mit schnellem Wachstum und dunkelgr\u00fcnen eif\u00f6rmigen rundlichgelappten Bl\u00e4ttern bis 20 Cm lang, im Herbst gelb werdend.<\/p>\n","protected":false},"excerpt":{"rendered":"<p>Sommergr\u00fcner ausladender Baum, mit schnellem Wachstum und dunkelgr\u00fcnen eif\u00f6rmigen rundlichgelappten Bl\u00e4ttern bis 20 Cm lang, im Herbst gelb werdend.<\/p>\n","protected":false},"featured_media":5138,"template":"","meta":{"_acf_changed":false},"product_brand":[],"product_cat":[8813,9231],"product_tag":[10898,8401],"class_list":{"0":"post-15516","1":"product","2":"type-product","3":"status-publish","4":"has-post-thumbnail","6":"product_cat-laubbaume-und-straucher","7":"product_cat-baume-und-pflanzen-der-zukunft","8":"product_tag-naturlichen","9":"product_tag-hochstamm","10":"pa_altezza-massima-20-meter","11":"pa_altezza-massima-30-meter","12":"pa_condizionamento-clt-de","13":"pa_condizionamento-m-de","14":"pa_famiglia-fagaceae-de-2","15":"pa_genere-quercus-de","16":"pa_origine-mitteleuropa","17":"pa_portamento-arrotondato-de","18":"pa_resistenza-climatica-sehr-hoch","19":"pa_resistenza-del-suolo-bestandig-gegen-kalkhaltige-boden","20":"pa_resistenza-del-suolo-bestandig-gegen-trockene-boden","21":"pa_utilizzo-alleen","22":"pa_utilizzo-parks-de","24":"first","25":"instock","26":"purchasable","27":"product-type-simple"},"acf":[],"_links":{"self":[{"href":"https:\/\/innocentiemangonipiante.it\/de\/wp-json\/wp\/v2\/product\/15516","targetHints":{"allow":["GET"]}}],"collection":[{"href":"https:\/\/innocentiemangonipiante.it\/de\/wp-json\/wp\/v2\/product"}],"about":[{"href":"https:\/\/innocentiemangonipiante.it\/de\/wp-json\/wp\/v2\/types\/product"}],"wp:featuredmedia":[{"embeddable":true,"href":"https:\/\/innocentiemangonipiante.it\/de\/wp-json\/wp\/v2\/media\/5138"}],"wp:attachment":[{"href":"https:\/\/innocentiemangonipiante.it\/de\/wp-json\/wp\/v2\/media?parent=15516"}],"wp:term":[{"taxonomy":"product_brand","embeddable":true,"href":"https:\/\/innocentiemangonipiante.it\/de\/wp-json\/wp\/v2\/product_brand?post=15516"},{"taxonomy":"product_cat","embeddable":true,"href":"https:\/\/innocentiemangonipiante.it\/de\/wp-json\/wp\/v2\/product_cat?post=15516"},{"taxonomy":"product_tag","embeddable":true,"href":"https:\/\/innocentiemangonipiante.it\/de\/wp-json\/wp\/v2\/product_tag?post=15516"}],"curies":[{"name":"wp","href":"https:\/\/api.w.org\/{rel}","templated":true}]}}