{"id":15519,"date":"2023-11-04T02:50:30","date_gmt":"2023-11-04T01:50:30","guid":{"rendered":"http:\/\/innocentiemangonipiante.it\/quercus-coccinea\/"},"modified":"2023-11-08T13:00:31","modified_gmt":"2023-11-08T12:00:31","slug":"quercus-coccinea","status":"publish","type":"product","link":"https:\/\/innocentiemangonipiante.it\/de\/quercus-coccinea\/","title":{"rendered":"QUERCUS coccinea"},"content":{"rendered":"<p>Sommergr\u00fcner Baum mit rundem Wuchs und grau-hellbrauner Rinde. Gl\u00e4nzende, dunkelgr\u00fcne, elliptische, tief gelappte Bl\u00e4tter. Rote Herbstf\u00e4rbung.<\/p>\n","protected":false},"excerpt":{"rendered":"<p>Sommergr\u00fcner Baum mit rundem Wuchs und grau-hellbrauner Rinde. Gl\u00e4nzende, dunkelgr\u00fcne, elliptische, tief gelappte Bl\u00e4tter. Rote Herbstf\u00e4rbung.<\/p>\n","protected":false},"featured_media":5126,"template":"","meta":{"_acf_changed":false},"product_brand":[],"product_cat":[8813],"product_tag":[10898,8401,8597],"class_list":{"0":"post-15519","1":"product","2":"type-product","3":"status-publish","4":"has-post-thumbnail","6":"product_cat-laubbaume-und-straucher","7":"product_tag-naturlichen","8":"product_tag-hochstamm","9":"product_tag-multistamm","10":"pa_altezza-massima-15-meter","11":"pa_altezza-massima-20-meter","12":"pa_condizionamento-clt-de","13":"pa_condizionamento-m-de","14":"pa_famiglia-fagaceae-de-2","15":"pa_genere-quercus-de","16":"pa_origine-u-s-a","17":"pa_portamento-piramidale-de","18":"pa_resistenza-climatica-sehr-hoch","19":"pa_resistenza-del-suolo-bestandig-gegen-kalkhaltige-boden","20":"pa_resistenza-del-suolo-bestandig-gegen-trockene-boden","21":"pa_utilizzo-parks-de","23":"first","24":"instock","25":"purchasable","26":"product-type-simple"},"acf":[],"_links":{"self":[{"href":"https:\/\/innocentiemangonipiante.it\/de\/wp-json\/wp\/v2\/product\/15519","targetHints":{"allow":["GET"]}}],"collection":[{"href":"https:\/\/innocentiemangonipiante.it\/de\/wp-json\/wp\/v2\/product"}],"about":[{"href":"https:\/\/innocentiemangonipiante.it\/de\/wp-json\/wp\/v2\/types\/product"}],"wp:featuredmedia":[{"embeddable":true,"href":"https:\/\/innocentiemangonipiante.it\/de\/wp-json\/wp\/v2\/media\/5126"}],"wp:attachment":[{"href":"https:\/\/innocentiemangonipiante.it\/de\/wp-json\/wp\/v2\/media?parent=15519"}],"wp:term":[{"taxonomy":"product_brand","embeddable":true,"href":"https:\/\/innocentiemangonipiante.it\/de\/wp-json\/wp\/v2\/product_brand?post=15519"},{"taxonomy":"product_cat","embeddable":true,"href":"https:\/\/innocentiemangonipiante.it\/de\/wp-json\/wp\/v2\/product_cat?post=15519"},{"taxonomy":"product_tag","embeddable":true,"href":"https:\/\/innocentiemangonipiante.it\/de\/wp-json\/wp\/v2\/product_tag?post=15519"}],"curies":[{"name":"wp","href":"https:\/\/api.w.org\/{rel}","templated":true}]}}