{"id":15520,"date":"2023-11-04T02:50:16","date_gmt":"2023-11-04T01:50:16","guid":{"rendered":"http:\/\/innocentiemangonipiante.it\/quercus-cerris\/"},"modified":"2023-11-08T13:00:26","modified_gmt":"2023-11-08T12:00:26","slug":"quercus-cerris","status":"publish","type":"product","link":"https:\/\/innocentiemangonipiante.it\/de\/quercus-cerris\/","title":{"rendered":"QUERCUS cerris"},"content":{"rendered":"<p>Gro\u00dfer sommergr\u00fcner, ausladender Baum mit schnellem Wachstum. Hellgraue Rinde. Die l\u00e4nglich-elliptischen Bl\u00e4tter sind tief gelappt, bis 12 cm lang, dunkelgr\u00fcn und hellgr\u00fcn auf der Blattunterseite. Gelb-braune Herbstf\u00e4rbung.<\/p>\n","protected":false},"excerpt":{"rendered":"<p>Gro\u00dfer sommergr\u00fcner, ausladender Baum mit schnellem Wachstum. Hellgraue Rinde. Die l\u00e4nglich-elliptischen Bl\u00e4tter sind tief gelappt, bis 12 cm lang, dunkelgr\u00fcn und hellgr\u00fcn auf der Blattunterseite. Gelb-braune Herbstf\u00e4rbung.<\/p>\n","protected":false},"featured_media":5118,"template":"","meta":{"_acf_changed":false},"product_brand":[],"product_cat":[8813],"product_tag":[10898,8401,8597],"class_list":{"0":"post-15520","1":"product","2":"type-product","3":"status-publish","4":"has-post-thumbnail","6":"product_cat-laubbaume-und-straucher","7":"product_tag-naturlichen","8":"product_tag-hochstamm","9":"product_tag-multistamm","10":"pa_altezza-massima-20-meter","11":"pa_altezza-massima-30-meter","12":"pa_condizionamento-clt-de","13":"pa_condizionamento-jungplanzen","14":"pa_condizionamento-m-de","15":"pa_famiglia-fagaceae-de-2","16":"pa_genere-quercus-de","17":"pa_origine-europe-de","18":"pa_portamento-piramidale-de","19":"pa_resistenza-climatica-sehr-hoch","20":"pa_resistenza-del-suolo-bestandig-gegen-kalkhaltige-boden","21":"pa_resistenza-del-suolo-bestandig-gegen-trockene-boden","22":"pa_salinita-bestaendigkeit-in-meeresluft","23":"pa_utilizzo-alleen","24":"pa_utilizzo-parks-de","26":"first","27":"instock","28":"purchasable","29":"product-type-simple"},"acf":[],"_links":{"self":[{"href":"https:\/\/innocentiemangonipiante.it\/de\/wp-json\/wp\/v2\/product\/15520","targetHints":{"allow":["GET"]}}],"collection":[{"href":"https:\/\/innocentiemangonipiante.it\/de\/wp-json\/wp\/v2\/product"}],"about":[{"href":"https:\/\/innocentiemangonipiante.it\/de\/wp-json\/wp\/v2\/types\/product"}],"wp:featuredmedia":[{"embeddable":true,"href":"https:\/\/innocentiemangonipiante.it\/de\/wp-json\/wp\/v2\/media\/5118"}],"wp:attachment":[{"href":"https:\/\/innocentiemangonipiante.it\/de\/wp-json\/wp\/v2\/media?parent=15520"}],"wp:term":[{"taxonomy":"product_brand","embeddable":true,"href":"https:\/\/innocentiemangonipiante.it\/de\/wp-json\/wp\/v2\/product_brand?post=15520"},{"taxonomy":"product_cat","embeddable":true,"href":"https:\/\/innocentiemangonipiante.it\/de\/wp-json\/wp\/v2\/product_cat?post=15520"},{"taxonomy":"product_tag","embeddable":true,"href":"https:\/\/innocentiemangonipiante.it\/de\/wp-json\/wp\/v2\/product_tag?post=15520"}],"curies":[{"name":"wp","href":"https:\/\/api.w.org\/{rel}","templated":true}]}}