{"id":15521,"date":"2023-11-04T02:50:24","date_gmt":"2023-11-04T01:50:24","guid":{"rendered":"http:\/\/innocentiemangonipiante.it\/quercus-coccifera\/"},"modified":"2023-11-08T13:00:29","modified_gmt":"2023-11-08T12:00:29","slug":"quercus-coccifera","status":"publish","type":"product","link":"https:\/\/innocentiemangonipiante.it\/de\/quercus-coccifera\/","title":{"rendered":"QUERCUS coccifera"},"content":{"rendered":"<p>Kleine immergr\u00fcner Baum oder gro\u00dfer Strauch. Es wachst langsam und ist sehr langlebig. Hat stachelig-gez\u00e4hnt ledrigen Bl\u00e4ttern und kann in kalkhaltig, steinig und arme Boden wachsen. Quercus Coccifera kann auch extreme Temperaturen und geringe Niederschlagsmengen vertragen. Gegen Trockenheit auszeichnet, sogar auch in K\u00fcstenregionen.<\/p>\n","protected":false},"excerpt":{"rendered":"<p>Kleine immergr\u00fcner Baum oder gro\u00dfer Strauch. Es wachst langsam und ist sehr langlebig. Hat stachelig-gez\u00e4hnt ledrigen Bl\u00e4ttern und kann in kalkhaltig, steinig und arme Boden wachsen. Quercus Coccifera kann auch extreme Temperaturen und geringe Niederschlagsmengen vertragen. Gegen Trockenheit auszeichnet, sogar auch in K\u00fcstenregionen.<\/p>\n","protected":false},"featured_media":24416,"template":"","meta":{"_acf_changed":false},"product_brand":[],"product_cat":[8813],"product_tag":[10898],"class_list":{"0":"post-15521","1":"product","2":"type-product","3":"status-publish","4":"has-post-thumbnail","6":"product_cat-laubbaume-und-straucher","7":"product_tag-naturlichen","8":"pa_altezza-massima-300-de","9":"pa_altezza-massima-500-de","10":"pa_condizionamento-clt-de","11":"pa_famiglia-fagaceae-de-2","12":"pa_genere-quercus-de","13":"pa_inquinamento-bestaendigkeit-gegen-smog","14":"pa_origine-sudeuropa-de","15":"pa_portamento-arrotondato-de","16":"pa_resistenza-climatica-sehr-hoch","17":"pa_resistenza-del-suolo-bestandig-gegen-kalkhaltige-boden","18":"pa_resistenza-del-suolo-bestandig-gegen-trockene-boden","19":"pa_resistenza-del-suolo-resistent-gegen-arme-boeden","20":"pa_salinita-bestaendigkeit-in-meeresluft","21":"pa_utilizzo-kleine-gaerten","23":"first","24":"instock","25":"purchasable","26":"product-type-simple"},"acf":[],"_links":{"self":[{"href":"https:\/\/innocentiemangonipiante.it\/de\/wp-json\/wp\/v2\/product\/15521","targetHints":{"allow":["GET"]}}],"collection":[{"href":"https:\/\/innocentiemangonipiante.it\/de\/wp-json\/wp\/v2\/product"}],"about":[{"href":"https:\/\/innocentiemangonipiante.it\/de\/wp-json\/wp\/v2\/types\/product"}],"wp:featuredmedia":[{"embeddable":true,"href":"https:\/\/innocentiemangonipiante.it\/de\/wp-json\/wp\/v2\/media\/24416"}],"wp:attachment":[{"href":"https:\/\/innocentiemangonipiante.it\/de\/wp-json\/wp\/v2\/media?parent=15521"}],"wp:term":[{"taxonomy":"product_brand","embeddable":true,"href":"https:\/\/innocentiemangonipiante.it\/de\/wp-json\/wp\/v2\/product_brand?post=15521"},{"taxonomy":"product_cat","embeddable":true,"href":"https:\/\/innocentiemangonipiante.it\/de\/wp-json\/wp\/v2\/product_cat?post=15521"},{"taxonomy":"product_tag","embeddable":true,"href":"https:\/\/innocentiemangonipiante.it\/de\/wp-json\/wp\/v2\/product_tag?post=15521"}],"curies":[{"name":"wp","href":"https:\/\/api.w.org\/{rel}","templated":true}]}}