{"id":15523,"date":"2023-11-04T02:50:00","date_gmt":"2023-11-04T01:50:00","guid":{"rendered":"http:\/\/innocentiemangonipiante.it\/quercus-bicolor\/"},"modified":"2023-11-08T13:00:22","modified_gmt":"2023-11-08T12:00:22","slug":"quercus-bicolor","status":"publish","type":"product","link":"https:\/\/innocentiemangonipiante.it\/de\/quercus-bicolor\/","title":{"rendered":"QUERCUS bicolor"},"content":{"rendered":"<p>Die Bl\u00e4tter sind dunkel, gl\u00e4nzend gr\u00fcn und unten silbern wei\u00df mit abgerundeten Lappen entlang der R\u00e4nder. Im Herbst ist gelbfarbig aber manchmal Amaranth.<\/p>\n","protected":false},"excerpt":{"rendered":"<p>Die Bl\u00e4tter sind dunkel, gl\u00e4nzend gr\u00fcn und unten silbern wei\u00df mit abgerundeten Lappen entlang der R\u00e4nder. Im Herbst ist gelbfarbig aber manchmal Amaranth.<\/p>\n","protected":false},"featured_media":5111,"template":"","meta":{"_acf_changed":false},"product_brand":[],"product_cat":[8813],"product_tag":[10898,8401],"class_list":{"0":"post-15523","1":"product","2":"type-product","3":"status-publish","4":"has-post-thumbnail","6":"product_cat-laubbaume-und-straucher","7":"product_tag-naturlichen","8":"product_tag-hochstamm","9":"pa_altezza-massima-20-meter","10":"pa_altezza-massima-25-meter","11":"pa_colore-fioritura-gelbe","12":"pa_condizionamento-m-de","13":"pa_famiglia-fagaceae-de-2","14":"pa_genere-quercus-de","15":"pa_origine-u-s-a","16":"pa_periodo-fioritura-april-de","17":"pa_portamento-arrotondato-de","18":"pa_resistenza-climatica-sehr-hoch","19":"pa_resistenza-del-suolo-bestandig-gegen-kalkhaltige-boden","20":"pa_resistenza-del-suolo-bestandig-gegen-trockene-boden","21":"pa_resistenza-del-suolo-bestandigkeit-auf-feuchten-boden","22":"pa_utilizzo-parks-de","24":"first","25":"instock","26":"purchasable","27":"product-type-simple"},"acf":[],"_links":{"self":[{"href":"https:\/\/innocentiemangonipiante.it\/de\/wp-json\/wp\/v2\/product\/15523","targetHints":{"allow":["GET"]}}],"collection":[{"href":"https:\/\/innocentiemangonipiante.it\/de\/wp-json\/wp\/v2\/product"}],"about":[{"href":"https:\/\/innocentiemangonipiante.it\/de\/wp-json\/wp\/v2\/types\/product"}],"wp:featuredmedia":[{"embeddable":true,"href":"https:\/\/innocentiemangonipiante.it\/de\/wp-json\/wp\/v2\/media\/5111"}],"wp:attachment":[{"href":"https:\/\/innocentiemangonipiante.it\/de\/wp-json\/wp\/v2\/media?parent=15523"}],"wp:term":[{"taxonomy":"product_brand","embeddable":true,"href":"https:\/\/innocentiemangonipiante.it\/de\/wp-json\/wp\/v2\/product_brand?post=15523"},{"taxonomy":"product_cat","embeddable":true,"href":"https:\/\/innocentiemangonipiante.it\/de\/wp-json\/wp\/v2\/product_cat?post=15523"},{"taxonomy":"product_tag","embeddable":true,"href":"https:\/\/innocentiemangonipiante.it\/de\/wp-json\/wp\/v2\/product_tag?post=15523"}],"curies":[{"name":"wp","href":"https:\/\/api.w.org\/{rel}","templated":true}]}}