{"id":15525,"date":"2023-11-04T02:55:16","date_gmt":"2023-11-04T01:55:16","guid":{"rendered":"http:\/\/innocentiemangonipiante.it\/rhamnus-alaternus\/"},"modified":"2023-11-08T13:03:57","modified_gmt":"2023-11-08T12:03:57","slug":"rhamnus-alaternus","status":"publish","type":"product","link":"https:\/\/innocentiemangonipiante.it\/de\/rhamnus-alaternus\/","title":{"rendered":"RHAMNUS alaternus"},"content":{"rendered":"<p>Immegr\u00fcner Strauch mit von aufrechtem bis ausweitendem Wuchs. Eif\u00f6rmige, gl\u00e4nzende, dunkelgr\u00fcne bis 7cm lange Bl\u00e4tter. Im sp\u00e4ten Fr\u00fchling\/ Sommeranfang tr\u00e4gt gelb-gr\u00fcne Bl\u00fcten, gefolgt von rundlichen roten Beeren, die sp\u00e4ter schwarz werden.<\/p>\n","protected":false},"excerpt":{"rendered":"<p>Immegr\u00fcner Strauch mit von aufrechtem bis ausweitendem Wuchs. Eif\u00f6rmige, gl\u00e4nzende, dunkelgr\u00fcne bis 7cm lange Bl\u00e4tter. Im sp\u00e4ten Fr\u00fchling\/ Sommeranfang tr\u00e4gt gelb-gr\u00fcne Bl\u00fcten, gefolgt von rundlichen roten Beeren, die sp\u00e4ter schwarz werden.<\/p>\n","protected":false},"featured_media":5273,"template":"","meta":{"_acf_changed":false},"product_brand":[],"product_cat":[8816,9231],"product_tag":[10898],"class_list":{"0":"post-15525","1":"product","2":"type-product","3":"status-publish","4":"has-post-thumbnail","6":"product_cat-hartnaeckige-baeume-und-straeucher","7":"product_cat-baume-und-pflanzen-der-zukunft","8":"product_tag-naturlichen","9":"pa_altezza-massima-400-de","10":"pa_altezza-massima-600-de","11":"pa_colore-fioritura-gelbe","12":"pa_condizionamento-clt-de","13":"pa_famiglia-rhamnaceae-de","14":"pa_genere-rhamnus-de","15":"pa_origine-europaischen-mittelmeeres","16":"pa_periodo-fioritura-juni","17":"pa_periodo-fioritura-mai-de","18":"pa_periodo-fruttificazione-juli","19":"pa_portamento-arrotondato-de","20":"pa_resistenza-climatica-mittel-hoch","21":"pa_resistenza-del-suolo-bestandig-gegen-kalkhaltige-boden","22":"pa_resistenza-del-suolo-bestandig-gegen-trockene-boden","23":"pa_utilizzo-balkone","24":"pa_utilizzo-bordueren","25":"pa_utilizzo-kleine-gaerten","27":"first","28":"instock","29":"purchasable","30":"product-type-simple"},"acf":[],"_links":{"self":[{"href":"https:\/\/innocentiemangonipiante.it\/de\/wp-json\/wp\/v2\/product\/15525","targetHints":{"allow":["GET"]}}],"collection":[{"href":"https:\/\/innocentiemangonipiante.it\/de\/wp-json\/wp\/v2\/product"}],"about":[{"href":"https:\/\/innocentiemangonipiante.it\/de\/wp-json\/wp\/v2\/types\/product"}],"wp:featuredmedia":[{"embeddable":true,"href":"https:\/\/innocentiemangonipiante.it\/de\/wp-json\/wp\/v2\/media\/5273"}],"wp:attachment":[{"href":"https:\/\/innocentiemangonipiante.it\/de\/wp-json\/wp\/v2\/media?parent=15525"}],"wp:term":[{"taxonomy":"product_brand","embeddable":true,"href":"https:\/\/innocentiemangonipiante.it\/de\/wp-json\/wp\/v2\/product_brand?post=15525"},{"taxonomy":"product_cat","embeddable":true,"href":"https:\/\/innocentiemangonipiante.it\/de\/wp-json\/wp\/v2\/product_cat?post=15525"},{"taxonomy":"product_tag","embeddable":true,"href":"https:\/\/innocentiemangonipiante.it\/de\/wp-json\/wp\/v2\/product_tag?post=15525"}],"curies":[{"name":"wp","href":"https:\/\/api.w.org\/{rel}","templated":true}]}}