{"id":15526,"date":"2023-11-04T02:55:30","date_gmt":"2023-11-04T01:55:30","guid":{"rendered":"http:\/\/innocentiemangonipiante.it\/rhaphiolepis-umbellata-ovata\/"},"modified":"2023-11-08T13:04:02","modified_gmt":"2023-11-08T12:04:02","slug":"rhaphiolepis-umbellata-ovata","status":"publish","type":"product","link":"https:\/\/innocentiemangonipiante.it\/de\/rhaphiolepis-umbellata-ovata\/","title":{"rendered":"RHAPHIOLEPIS umbellata &#8218;Ovata&#8216;"},"content":{"rendered":"<p>Immergr\u00fcner Strauch mit einem kugelf\u00f6rmigen Wuchs. Die Bl\u00e4tter sind dunkelgr\u00fcn, ledrig und leicht gezahnt. Er bringt wei\u00dfe, manchmal rosa gef\u00e4rbte Bl\u00fcten in traubenartigen Bl\u00fctenst\u00e4nden hervor.<\/p>\n","protected":false},"excerpt":{"rendered":"<p>Immergr\u00fcner Strauch mit einem kugelf\u00f6rmigen Wuchs. Die Bl\u00e4tter sind dunkelgr\u00fcn, ledrig und leicht gezahnt. Er bringt wei\u00dfe, manchmal rosa gef\u00e4rbte Bl\u00fcten in traubenartigen Bl\u00fctenst\u00e4nden hervor.<\/p>\n","protected":false},"featured_media":5285,"template":"","meta":{"_acf_changed":false},"product_brand":[],"product_cat":[8816],"product_tag":[10898],"class_list":{"0":"post-15526","1":"product","2":"type-product","3":"status-publish","4":"has-post-thumbnail","6":"product_cat-hartnaeckige-baeume-und-straeucher","7":"product_tag-naturlichen","8":"pa_altezza-massima-100-de","9":"pa_altezza-massima-150-de","10":"pa_colore-fioritura-weis","11":"pa_condizionamento-clt-de","12":"pa_famiglia-rosaceae-de","13":"pa_genere-rhaphiolepis-de","14":"pa_origine-china-de","15":"pa_periodo-fioritura-april-de","16":"pa_portamento-arrotondato-de","17":"pa_profumo-zart","18":"pa_resistenza-climatica-mittel","19":"pa_salinita-bestaendigkeit-in-meeresluft","20":"pa_utilizzo-balkone","21":"pa_utilizzo-hecken","22":"pa_utilizzo-kleine-gaerten","24":"first","25":"instock","26":"purchasable","27":"product-type-simple"},"acf":[],"_links":{"self":[{"href":"https:\/\/innocentiemangonipiante.it\/de\/wp-json\/wp\/v2\/product\/15526","targetHints":{"allow":["GET"]}}],"collection":[{"href":"https:\/\/innocentiemangonipiante.it\/de\/wp-json\/wp\/v2\/product"}],"about":[{"href":"https:\/\/innocentiemangonipiante.it\/de\/wp-json\/wp\/v2\/types\/product"}],"wp:featuredmedia":[{"embeddable":true,"href":"https:\/\/innocentiemangonipiante.it\/de\/wp-json\/wp\/v2\/media\/5285"}],"wp:attachment":[{"href":"https:\/\/innocentiemangonipiante.it\/de\/wp-json\/wp\/v2\/media?parent=15526"}],"wp:term":[{"taxonomy":"product_brand","embeddable":true,"href":"https:\/\/innocentiemangonipiante.it\/de\/wp-json\/wp\/v2\/product_brand?post=15526"},{"taxonomy":"product_cat","embeddable":true,"href":"https:\/\/innocentiemangonipiante.it\/de\/wp-json\/wp\/v2\/product_cat?post=15526"},{"taxonomy":"product_tag","embeddable":true,"href":"https:\/\/innocentiemangonipiante.it\/de\/wp-json\/wp\/v2\/product_tag?post=15526"}],"curies":[{"name":"wp","href":"https:\/\/api.w.org\/{rel}","templated":true}]}}