{"id":15527,"date":"2023-11-04T02:55:23","date_gmt":"2023-11-04T01:55:23","guid":{"rendered":"http:\/\/innocentiemangonipiante.it\/rhaphiolepis-indica-springtime\/"},"modified":"2023-11-08T13:03:59","modified_gmt":"2023-11-08T12:03:59","slug":"rhaphiolepis-indica-springtime","status":"publish","type":"product","link":"https:\/\/innocentiemangonipiante.it\/de\/rhaphiolepis-indica-springtime\/","title":{"rendered":"RHAPHIOLEPIS indica &#8218;Springtime&#8216; \u00ae"},"content":{"rendered":"<p>Immergr\u00fcner ausladender Strauch mit elliptischen, gez\u00e4hnten, ledernen, leuchtend dunkelgr\u00fcnen Bl\u00e4ttern. Anfang Fr\u00fchjahr sprie\u00dfen einfache zartrosa und duftende Bl\u00fcten, die in Gruppen von 15-25 Bl\u00fcten stehen. Erreicht eine Breite von 2,20 &#8211; 2,50 Meter.<\/p>\n","protected":false},"excerpt":{"rendered":"<p>Immergr\u00fcner ausladender Strauch mit elliptischen, gez\u00e4hnten, ledernen, leuchtend dunkelgr\u00fcnen Bl\u00e4ttern. Anfang Fr\u00fchjahr sprie\u00dfen einfache zartrosa und duftende Bl\u00fcten, die in Gruppen von 15-25 Bl\u00fcten stehen. Erreicht eine Breite von 2,20 &#8211; 2,50 Meter.<\/p>\n","protected":false},"featured_media":5279,"template":"","meta":{"_acf_changed":false},"product_brand":[],"product_cat":[8816,9231],"product_tag":[10898,8565],"class_list":{"0":"post-15527","1":"product","2":"type-product","3":"status-publish","4":"has-post-thumbnail","6":"product_cat-hartnaeckige-baeume-und-straeucher","7":"product_cat-baume-und-pflanzen-der-zukunft","8":"product_tag-naturlichen","9":"product_tag-halbstamm","10":"pa_altezza-massima-100-de","11":"pa_altezza-massima-150-de","12":"pa_colore-fioritura-rose-de","13":"pa_condizionamento-clt-de","14":"pa_famiglia-rosaceae-de","15":"pa_genere-rhaphiolepis-de","16":"pa_origine-ostasien","17":"pa_periodo-fioritura-april-de","18":"pa_portamento-arrotondato-de","19":"pa_profumo-zart","20":"pa_resistenza-climatica-mittel","21":"pa_salinita-bestaendigkeit-in-meeresluft","22":"pa_utilizzo-balkone","23":"pa_utilizzo-hecken","24":"pa_utilizzo-kleine-gaerten","26":"first","27":"instock","28":"purchasable","29":"product-type-simple"},"acf":[],"_links":{"self":[{"href":"https:\/\/innocentiemangonipiante.it\/de\/wp-json\/wp\/v2\/product\/15527","targetHints":{"allow":["GET"]}}],"collection":[{"href":"https:\/\/innocentiemangonipiante.it\/de\/wp-json\/wp\/v2\/product"}],"about":[{"href":"https:\/\/innocentiemangonipiante.it\/de\/wp-json\/wp\/v2\/types\/product"}],"wp:featuredmedia":[{"embeddable":true,"href":"https:\/\/innocentiemangonipiante.it\/de\/wp-json\/wp\/v2\/media\/5279"}],"wp:attachment":[{"href":"https:\/\/innocentiemangonipiante.it\/de\/wp-json\/wp\/v2\/media?parent=15527"}],"wp:term":[{"taxonomy":"product_brand","embeddable":true,"href":"https:\/\/innocentiemangonipiante.it\/de\/wp-json\/wp\/v2\/product_brand?post=15527"},{"taxonomy":"product_cat","embeddable":true,"href":"https:\/\/innocentiemangonipiante.it\/de\/wp-json\/wp\/v2\/product_cat?post=15527"},{"taxonomy":"product_tag","embeddable":true,"href":"https:\/\/innocentiemangonipiante.it\/de\/wp-json\/wp\/v2\/product_tag?post=15527"}],"curies":[{"name":"wp","href":"https:\/\/api.w.org\/{rel}","templated":true}]}}