{"id":15528,"date":"2023-11-04T02:55:37","date_gmt":"2023-11-04T01:55:37","guid":{"rendered":"http:\/\/innocentiemangonipiante.it\/rhododendron-hybridum\/"},"modified":"2023-11-08T13:04:06","modified_gmt":"2023-11-08T12:04:06","slug":"rhododendron-hybridum","status":"publish","type":"product","link":"https:\/\/innocentiemangonipiante.it\/de\/rhododendron-hybridum\/","title":{"rendered":"RHODODENDRON hybridum"},"content":{"rendered":"<p>Immergr\u00fcne hybride Str\u00e4ucher mit Bl\u00fcte im Fr\u00fchjahr. Verf\u00fcgbar in verschiedenen Farben.<\/p>\n","protected":false},"excerpt":{"rendered":"<p>Immergr\u00fcne hybride Str\u00e4ucher mit Bl\u00fcte im Fr\u00fchjahr. Verf\u00fcgbar in verschiedenen Farben.<\/p>\n","protected":false},"featured_media":5291,"template":"","meta":{"_acf_changed":false},"product_brand":[],"product_cat":[8816],"product_tag":[10898,8498],"class_list":{"0":"post-15528","1":"product","2":"type-product","3":"status-publish","4":"has-post-thumbnail","6":"product_cat-hartnaeckige-baeume-und-straeucher","7":"product_tag-naturlichen","8":"product_tag-mehrstammig-mit-schirmformiger-krone","9":"pa_altezza-massima-200-de","10":"pa_altezza-massima-300-de","11":"pa_colore-fioritura-weis","12":"pa_condizionamento-clt-de","13":"pa_condizionamento-deco-holztopf","14":"pa_famiglia-ericaceae-de","15":"pa_genere-rhododendron-de","16":"pa_inquinamento-bestaendigkeit-gegen-smog","17":"pa_origine-china-de","18":"pa_periodo-fioritura-juli","19":"pa_periodo-fioritura-juni","20":"pa_periodo-fioritura-mai-de","21":"pa_portamento-arrotondato-de","22":"pa_resistenza-climatica-sehr-hoch","23":"pa_utilizzo-balkone","24":"pa_utilizzo-kleine-gaerten","25":"pa_utilizzo-parks-de","27":"first","28":"instock","29":"purchasable","30":"product-type-simple"},"acf":[],"_links":{"self":[{"href":"https:\/\/innocentiemangonipiante.it\/de\/wp-json\/wp\/v2\/product\/15528","targetHints":{"allow":["GET"]}}],"collection":[{"href":"https:\/\/innocentiemangonipiante.it\/de\/wp-json\/wp\/v2\/product"}],"about":[{"href":"https:\/\/innocentiemangonipiante.it\/de\/wp-json\/wp\/v2\/types\/product"}],"wp:featuredmedia":[{"embeddable":true,"href":"https:\/\/innocentiemangonipiante.it\/de\/wp-json\/wp\/v2\/media\/5291"}],"wp:attachment":[{"href":"https:\/\/innocentiemangonipiante.it\/de\/wp-json\/wp\/v2\/media?parent=15528"}],"wp:term":[{"taxonomy":"product_brand","embeddable":true,"href":"https:\/\/innocentiemangonipiante.it\/de\/wp-json\/wp\/v2\/product_brand?post=15528"},{"taxonomy":"product_cat","embeddable":true,"href":"https:\/\/innocentiemangonipiante.it\/de\/wp-json\/wp\/v2\/product_cat?post=15528"},{"taxonomy":"product_tag","embeddable":true,"href":"https:\/\/innocentiemangonipiante.it\/de\/wp-json\/wp\/v2\/product_tag?post=15528"}],"curies":[{"name":"wp","href":"https:\/\/api.w.org\/{rel}","templated":true}]}}