{"id":15529,"date":"2023-11-04T02:55:59","date_gmt":"2023-11-04T01:55:59","guid":{"rendered":"http:\/\/innocentiemangonipiante.it\/rhus-typhina-dissecta\/"},"modified":"2023-11-08T13:04:15","modified_gmt":"2023-11-08T12:04:15","slug":"rhus-typhina-dissecta","status":"publish","type":"product","link":"https:\/\/innocentiemangonipiante.it\/de\/rhus-typhina-dissecta\/","title":{"rendered":"RHUS typhina &#8218;Dissecta&#8216;"},"content":{"rendered":"<p>Sommergr\u00fcner Strauch mit breitem und unregelm\u00e4\u00dfigem Wuchs. Die \u00c4ste sind zerbrechlich, hellbraun und mit kurzen, festen und dichten H\u00e4archen bedeckt. Die Bl\u00e4tter sind gefiedert, ausgefranst und gr\u00fcn und nehmen im Herbst eine gelb-orange-rote F\u00e4rbung an.<\/p>\n","protected":false},"excerpt":{"rendered":"<p>Sommergr\u00fcner Strauch mit breitem und unregelm\u00e4\u00dfigem Wuchs. Die \u00c4ste sind zerbrechlich, hellbraun und mit kurzen, festen und dichten H\u00e4archen bedeckt. Die Bl\u00e4tter sind gefiedert, ausgefranst und gr\u00fcn und nehmen im Herbst eine gelb-orange-rote F\u00e4rbung an.<\/p>\n","protected":false},"featured_media":5303,"template":"","meta":{"_acf_changed":false},"product_brand":[],"product_cat":[8813],"product_tag":[10898],"class_list":{"0":"post-15529","1":"product","2":"type-product","3":"status-publish","4":"has-post-thumbnail","6":"product_cat-laubbaume-und-straucher","7":"product_tag-naturlichen","8":"pa_altezza-massima-400-de","9":"pa_altezza-massima-600-de","10":"pa_colore-fioritura-rot","11":"pa_condizionamento-clt-de","12":"pa_famiglia-anacardiaceae-de","13":"pa_genere-rhus-de","14":"pa_inquinamento-bestaendigkeit-gegen-smog","15":"pa_origine-u-s-a","16":"pa_periodo-fioritura-juli","17":"pa_periodo-fioritura-juni","18":"pa_portamento-arrotondato-de","19":"pa_resistenza-climatica-mittel-hoch","20":"pa_utilizzo-balkone","21":"pa_utilizzo-hecken","22":"pa_utilizzo-kleine-gaerten","24":"first","25":"instock","26":"purchasable","27":"product-type-simple"},"acf":[],"_links":{"self":[{"href":"https:\/\/innocentiemangonipiante.it\/de\/wp-json\/wp\/v2\/product\/15529","targetHints":{"allow":["GET"]}}],"collection":[{"href":"https:\/\/innocentiemangonipiante.it\/de\/wp-json\/wp\/v2\/product"}],"about":[{"href":"https:\/\/innocentiemangonipiante.it\/de\/wp-json\/wp\/v2\/types\/product"}],"wp:featuredmedia":[{"embeddable":true,"href":"https:\/\/innocentiemangonipiante.it\/de\/wp-json\/wp\/v2\/media\/5303"}],"wp:attachment":[{"href":"https:\/\/innocentiemangonipiante.it\/de\/wp-json\/wp\/v2\/media?parent=15529"}],"wp:term":[{"taxonomy":"product_brand","embeddable":true,"href":"https:\/\/innocentiemangonipiante.it\/de\/wp-json\/wp\/v2\/product_brand?post=15529"},{"taxonomy":"product_cat","embeddable":true,"href":"https:\/\/innocentiemangonipiante.it\/de\/wp-json\/wp\/v2\/product_cat?post=15529"},{"taxonomy":"product_tag","embeddable":true,"href":"https:\/\/innocentiemangonipiante.it\/de\/wp-json\/wp\/v2\/product_tag?post=15529"}],"curies":[{"name":"wp","href":"https:\/\/api.w.org\/{rel}","templated":true}]}}