{"id":15530,"date":"2023-11-04T02:55:52","date_gmt":"2023-11-04T01:55:52","guid":{"rendered":"http:\/\/innocentiemangonipiante.it\/rhus-typhina\/"},"modified":"2023-11-08T13:04:12","modified_gmt":"2023-11-08T12:04:12","slug":"rhus-typhina","status":"publish","type":"product","link":"https:\/\/innocentiemangonipiante.it\/de\/rhus-typhina\/","title":{"rendered":"RHUS typhina"},"content":{"rendered":"<p>Sommergr\u00fcner Strauch oder Baum mit gefiederte mittel-gr\u00fcne bis 60 cm lange Bl\u00e4tter die im Herbst rot-orange werden.<\/p>\n","protected":false},"excerpt":{"rendered":"<p>Sommergr\u00fcner Strauch oder Baum mit gefiederte mittel-gr\u00fcne bis 60 cm lange Bl\u00e4tter die im Herbst rot-orange werden.<\/p>\n","protected":false},"featured_media":5297,"template":"","meta":{"_acf_changed":false},"product_brand":[],"product_cat":[8813],"product_tag":[10898,8401],"class_list":{"0":"post-15530","1":"product","2":"type-product","3":"status-publish","4":"has-post-thumbnail","6":"product_cat-laubbaume-und-straucher","7":"product_tag-naturlichen","8":"product_tag-hochstamm","9":"pa_altezza-massima-300-de","10":"pa_altezza-massima-500-de","11":"pa_colore-fioritura-gelbe","12":"pa_condizionamento-clt-de","13":"pa_famiglia-anacardiaceae-de","14":"pa_genere-rhus-de","15":"pa_inquinamento-bestaendigkeit-gegen-smog","16":"pa_origine-u-s-a","17":"pa_periodo-fioritura-august-de","18":"pa_periodo-fioritura-juli","19":"pa_portamento-arrotondato-de","20":"pa_resistenza-climatica-mittel-hoch","21":"pa_resistenza-del-suolo-bestandig-gegen-kalkhaltige-boden","22":"pa_resistenza-del-suolo-bestandig-gegen-trockene-boden","23":"pa_salinita-bestaendigkeit-in-meeresluft","24":"pa_utilizzo-balkone","25":"pa_utilizzo-hecken","26":"pa_utilizzo-kleine-gaerten","28":"first","29":"instock","30":"purchasable","31":"product-type-simple"},"acf":[],"_links":{"self":[{"href":"https:\/\/innocentiemangonipiante.it\/de\/wp-json\/wp\/v2\/product\/15530","targetHints":{"allow":["GET"]}}],"collection":[{"href":"https:\/\/innocentiemangonipiante.it\/de\/wp-json\/wp\/v2\/product"}],"about":[{"href":"https:\/\/innocentiemangonipiante.it\/de\/wp-json\/wp\/v2\/types\/product"}],"wp:featuredmedia":[{"embeddable":true,"href":"https:\/\/innocentiemangonipiante.it\/de\/wp-json\/wp\/v2\/media\/5297"}],"wp:attachment":[{"href":"https:\/\/innocentiemangonipiante.it\/de\/wp-json\/wp\/v2\/media?parent=15530"}],"wp:term":[{"taxonomy":"product_brand","embeddable":true,"href":"https:\/\/innocentiemangonipiante.it\/de\/wp-json\/wp\/v2\/product_brand?post=15530"},{"taxonomy":"product_cat","embeddable":true,"href":"https:\/\/innocentiemangonipiante.it\/de\/wp-json\/wp\/v2\/product_cat?post=15530"},{"taxonomy":"product_tag","embeddable":true,"href":"https:\/\/innocentiemangonipiante.it\/de\/wp-json\/wp\/v2\/product_tag?post=15530"}],"curies":[{"name":"wp","href":"https:\/\/api.w.org\/{rel}","templated":true}]}}