{"id":15531,"date":"2023-11-04T02:56:19","date_gmt":"2023-11-04T01:56:19","guid":{"rendered":"http:\/\/innocentiemangonipiante.it\/rhyncospermum-asiaticum-pink-showers\/"},"modified":"2023-11-08T13:04:49","modified_gmt":"2023-11-08T12:04:49","slug":"rhyncospermum-asiaticum-pink-showers","status":"publish","type":"product","link":"https:\/\/innocentiemangonipiante.it\/de\/rhyncospermum-asiaticum-pink-showers\/","title":{"rendered":"RHYNCOSPERMUM asiaticum &#8218;Pink Showers&#8216;"},"content":{"rendered":"<p>Sch\u00f6ne zarte rosa Bl\u00fcte, bl\u00fcht bis zum Herbst, k\u00e4ltebest\u00e4ndige, dunkelgr\u00fcne Bl\u00e4tter.<\/p>\n","protected":false},"excerpt":{"rendered":"<p>Sch\u00f6ne zarte rosa Bl\u00fcte, bl\u00fcht bis zum Herbst, k\u00e4ltebest\u00e4ndige, dunkelgr\u00fcne Bl\u00e4tter.<\/p>\n","protected":false},"featured_media":24519,"template":"","meta":{"_acf_changed":false},"product_brand":[],"product_cat":[8837],"product_tag":[10898],"class_list":{"0":"post-15531","1":"product","2":"type-product","3":"status-publish","4":"has-post-thumbnail","6":"product_cat-schlingpflanzen","7":"product_tag-naturlichen","8":"pa_altezza-massima-800-de","9":"pa_altezza-massima-1000-de-2","10":"pa_colore-fioritura-rose-de","11":"pa_famiglia-apocynaceae-de","12":"pa_genere-rhyncospermum-de","13":"pa_origine-ostasien","14":"pa_periodo-fioritura-august-de","15":"pa_periodo-fioritura-juli","16":"pa_periodo-fioritura-juni","17":"pa_periodo-fioritura-mai-de","18":"pa_periodo-fioritura-september-de","19":"pa_profumo-intensiv","20":"pa_resistenza-del-suolo-bestandig-gegen-kalkhaltige-boden","21":"pa_salinita-bestaendigkeit-in-meeresluft","22":"pa_utilizzo-balkone","23":"pa_utilizzo-kleine-gaerten","24":"pa_utilizzo-parks-de","26":"first","27":"instock","28":"purchasable","29":"product-type-simple"},"acf":[],"_links":{"self":[{"href":"https:\/\/innocentiemangonipiante.it\/de\/wp-json\/wp\/v2\/product\/15531","targetHints":{"allow":["GET"]}}],"collection":[{"href":"https:\/\/innocentiemangonipiante.it\/de\/wp-json\/wp\/v2\/product"}],"about":[{"href":"https:\/\/innocentiemangonipiante.it\/de\/wp-json\/wp\/v2\/types\/product"}],"wp:featuredmedia":[{"embeddable":true,"href":"https:\/\/innocentiemangonipiante.it\/de\/wp-json\/wp\/v2\/media\/24519"}],"wp:attachment":[{"href":"https:\/\/innocentiemangonipiante.it\/de\/wp-json\/wp\/v2\/media?parent=15531"}],"wp:term":[{"taxonomy":"product_brand","embeddable":true,"href":"https:\/\/innocentiemangonipiante.it\/de\/wp-json\/wp\/v2\/product_brand?post=15531"},{"taxonomy":"product_cat","embeddable":true,"href":"https:\/\/innocentiemangonipiante.it\/de\/wp-json\/wp\/v2\/product_cat?post=15531"},{"taxonomy":"product_tag","embeddable":true,"href":"https:\/\/innocentiemangonipiante.it\/de\/wp-json\/wp\/v2\/product_tag?post=15531"}],"curies":[{"name":"wp","href":"https:\/\/api.w.org\/{rel}","templated":true}]}}