{"id":15532,"date":"2023-11-04T02:56:36","date_gmt":"2023-11-04T01:56:36","guid":{"rendered":"http:\/\/innocentiemangonipiante.it\/rhyncospermum-jasminoides\/"},"modified":"2023-11-08T13:04:55","modified_gmt":"2023-11-08T12:04:55","slug":"rhyncospermum-jasminoides","status":"publish","type":"product","link":"https:\/\/innocentiemangonipiante.it\/de\/rhyncospermum-jasminoides\/","title":{"rendered":"RHYNCOSPERMUM jasminoides"},"content":{"rendered":"<p>Immergr\u00fcner , holziger Kletterstrauch mit ovalen, gl\u00e4nzenden dunkelgr\u00fcnen Bl\u00e4ttern, die auf der Unterseite hellgr\u00fcn sind. Von Mai bis Ende August sprie\u00dfen einfache wei\u00dfe Bl\u00fcten mit 5 Kronbl\u00e4ttern, die stark duftend sind.<\/p>\n","protected":false},"excerpt":{"rendered":"<p>Immergr\u00fcner , holziger Kletterstrauch mit ovalen, gl\u00e4nzenden dunkelgr\u00fcnen Bl\u00e4ttern, die auf der Unterseite hellgr\u00fcn sind. Von Mai bis Ende August sprie\u00dfen einfache wei\u00dfe Bl\u00fcten mit 5 Kronbl\u00e4ttern, die stark duftend sind.<\/p>\n","protected":false},"featured_media":5310,"template":"","meta":{"_acf_changed":false},"product_brand":[],"product_cat":[8837,9231],"product_tag":[10898,8453,13891,8433,8751],"class_list":{"0":"post-15532","1":"product","2":"type-product","3":"status-publish","4":"has-post-thumbnail","6":"product_cat-schlingpflanzen","7":"product_cat-baume-und-pflanzen-der-zukunft","8":"product_tag-naturlichen","9":"product_tag-bogen","10":"product_tag-h-st-schirm","11":"product_tag-hochstamm-dach","12":"product_tag-spalier","13":"pa_altezza-massima-800-de","14":"pa_altezza-massima-1000-de-2","15":"pa_colore-fioritura-weis","16":"pa_condizionamento-clt-de","17":"pa_condizionamento-deco-holztopf","18":"pa_condizionamento-jungplanzen","19":"pa_condizionamento-viereckigertops","20":"pa_famiglia-apocynaceae-de","21":"pa_genere-rhyncospermum-de","22":"pa_origine-ostasien","23":"pa_periodo-fioritura-august-de","24":"pa_periodo-fioritura-juli","25":"pa_periodo-fioritura-juni","26":"pa_periodo-fioritura-mai-de","27":"pa_profumo-intensiv","28":"pa_resistenza-climatica-mittel","29":"pa_salinita-bestaendigkeit-in-meeresluft","30":"pa_utilizzo-balkone","31":"pa_utilizzo-kleine-gaerten","32":"pa_utilizzo-parks-de","34":"first","35":"instock","36":"purchasable","37":"product-type-simple"},"acf":[],"_links":{"self":[{"href":"https:\/\/innocentiemangonipiante.it\/de\/wp-json\/wp\/v2\/product\/15532","targetHints":{"allow":["GET"]}}],"collection":[{"href":"https:\/\/innocentiemangonipiante.it\/de\/wp-json\/wp\/v2\/product"}],"about":[{"href":"https:\/\/innocentiemangonipiante.it\/de\/wp-json\/wp\/v2\/types\/product"}],"wp:featuredmedia":[{"embeddable":true,"href":"https:\/\/innocentiemangonipiante.it\/de\/wp-json\/wp\/v2\/media\/5310"}],"wp:attachment":[{"href":"https:\/\/innocentiemangonipiante.it\/de\/wp-json\/wp\/v2\/media?parent=15532"}],"wp:term":[{"taxonomy":"product_brand","embeddable":true,"href":"https:\/\/innocentiemangonipiante.it\/de\/wp-json\/wp\/v2\/product_brand?post=15532"},{"taxonomy":"product_cat","embeddable":true,"href":"https:\/\/innocentiemangonipiante.it\/de\/wp-json\/wp\/v2\/product_cat?post=15532"},{"taxonomy":"product_tag","embeddable":true,"href":"https:\/\/innocentiemangonipiante.it\/de\/wp-json\/wp\/v2\/product_tag?post=15532"}],"curies":[{"name":"wp","href":"https:\/\/api.w.org\/{rel}","templated":true}]}}