{"id":15533,"date":"2023-11-04T02:58:00","date_gmt":"2023-11-04T01:58:00","guid":{"rendered":"http:\/\/innocentiemangonipiante.it\/robinia-pseudoacacia-umbraculifera\/"},"modified":"2023-11-08T13:05:40","modified_gmt":"2023-11-08T12:05:40","slug":"robinia-pseudoacacia-umbraculifera","status":"publish","type":"product","link":"https:\/\/innocentiemangonipiante.it\/de\/robinia-pseudoacacia-umbraculifera\/","title":{"rendered":"ROBINIA pseudoacacia &#8218;Umbraculifera&#8216;"},"content":{"rendered":"<p>Kleiner Baum mit dichtem, kugelf\u00f6rmigem Wuchs und langsamen Wachstums. Auf den d\u00fcnnen aufrecht stehenden dornlosen Zweigen wachsen wechselst\u00e4ndige, rundliche, dunkelgr\u00fcne Bl\u00e4tter. Bevorzugt sonnige Lage. Sehr widerstandsf\u00e4hig in schwierigen Umst\u00e4nden. Ideal f\u00fcr Anreihungen in engen R\u00e4umen. Damit diese Pflanze seine Eigenschaften beh\u00e4lt, jede 2 bis 3 Jahre schneiden.<\/p>\n","protected":false},"excerpt":{"rendered":"<p>Kleiner Baum mit dichtem, kugelf\u00f6rmigem Wuchs und langsamen Wachstums. Auf den d\u00fcnnen aufrecht stehenden dornlosen Zweigen wachsen wechselst\u00e4ndige, rundliche, dunkelgr\u00fcne Bl\u00e4tter. Bevorzugt sonnige Lage. Sehr widerstandsf\u00e4hig in schwierigen Umst\u00e4nden. Ideal f\u00fcr Anreihungen in engen R\u00e4umen. Damit diese Pflanze seine Eigenschaften beh\u00e4lt, jede 2 bis 3 Jahre schneiden.<\/p>\n","protected":false},"featured_media":5359,"template":"","meta":{"_acf_changed":false},"product_brand":[],"product_cat":[8813],"product_tag":[10898,8565,8401],"class_list":{"0":"post-15533","1":"product","2":"type-product","3":"status-publish","4":"has-post-thumbnail","6":"product_cat-laubbaume-und-straucher","7":"product_tag-naturlichen","8":"product_tag-halbstamm","9":"product_tag-hochstamm","10":"pa_altezza-massima-400-de","11":"pa_altezza-massima-600-de","12":"pa_colore-fioritura-weis","13":"pa_condizionamento-clt-de","14":"pa_condizionamento-m-de","15":"pa_famiglia-leguminosae-de","16":"pa_genere-robinia-de","17":"pa_inquinamento-bestaendigkeit-gegen-smog","18":"pa_origine-oesterreich","19":"pa_periodo-fioritura-juni","20":"pa_periodo-fioritura-mai-de","21":"pa_portamento-arrotondato-de","22":"pa_resistenza-climatica-sehr-hoch","23":"pa_resistenza-del-suolo-bestandig-gegen-kalkhaltige-boden","24":"pa_resistenza-del-suolo-resistent-gegen-arme-boeden","25":"pa_salinita-bestaendigkeit-in-meeresluft","26":"pa_utilizzo-alleen","27":"pa_utilizzo-kleine-gaerten","29":"first","30":"instock","31":"purchasable","32":"product-type-simple"},"acf":[],"_links":{"self":[{"href":"https:\/\/innocentiemangonipiante.it\/de\/wp-json\/wp\/v2\/product\/15533","targetHints":{"allow":["GET"]}}],"collection":[{"href":"https:\/\/innocentiemangonipiante.it\/de\/wp-json\/wp\/v2\/product"}],"about":[{"href":"https:\/\/innocentiemangonipiante.it\/de\/wp-json\/wp\/v2\/types\/product"}],"wp:featuredmedia":[{"embeddable":true,"href":"https:\/\/innocentiemangonipiante.it\/de\/wp-json\/wp\/v2\/media\/5359"}],"wp:attachment":[{"href":"https:\/\/innocentiemangonipiante.it\/de\/wp-json\/wp\/v2\/media?parent=15533"}],"wp:term":[{"taxonomy":"product_brand","embeddable":true,"href":"https:\/\/innocentiemangonipiante.it\/de\/wp-json\/wp\/v2\/product_brand?post=15533"},{"taxonomy":"product_cat","embeddable":true,"href":"https:\/\/innocentiemangonipiante.it\/de\/wp-json\/wp\/v2\/product_cat?post=15533"},{"taxonomy":"product_tag","embeddable":true,"href":"https:\/\/innocentiemangonipiante.it\/de\/wp-json\/wp\/v2\/product_tag?post=15533"}],"curies":[{"name":"wp","href":"https:\/\/api.w.org\/{rel}","templated":true}]}}