{"id":15534,"date":"2023-11-04T02:57:54","date_gmt":"2023-11-04T01:57:54","guid":{"rendered":"http:\/\/innocentiemangonipiante.it\/robinia-pseudoacacia-semperflorens\/"},"modified":"2023-11-08T13:05:37","modified_gmt":"2023-11-08T12:05:37","slug":"robinia-pseudoacacia-semperflorens","status":"publish","type":"product","link":"https:\/\/innocentiemangonipiante.it\/de\/robinia-pseudoacacia-semperflorens\/","title":{"rendered":"ROBINIA pseudoacacia &#8218;Semperflorens&#8216;"},"content":{"rendered":"<p>Gro\u00dfer Laubbaum, sehr kr\u00e4ftig und mit streng ovalen Bl\u00e4ttern. Die Krone ist regelm\u00e4\u00dfiger als bei dieser Art \u00fcblich und die \u00c4ste sind fast dornenfrei. Sehr viele wei\u00dfe Bl\u00fcten von Juni bis September.<\/p>\n","protected":false},"excerpt":{"rendered":"<p>Gro\u00dfer Laubbaum, sehr kr\u00e4ftig und mit streng ovalen Bl\u00e4ttern. Die Krone ist regelm\u00e4\u00dfiger als bei dieser Art \u00fcblich und die \u00c4ste sind fast dornenfrei. Sehr viele wei\u00dfe Bl\u00fcten von Juni bis September.<\/p>\n","protected":false},"featured_media":24555,"template":"","meta":{"_acf_changed":false},"product_brand":[],"product_cat":[8813],"product_tag":[10898,8401],"class_list":{"0":"post-15534","1":"product","2":"type-product","3":"status-publish","4":"has-post-thumbnail","6":"product_cat-laubbaume-und-straucher","7":"product_tag-naturlichen","8":"product_tag-hochstamm","9":"pa_altezza-massima-20-meter","10":"pa_altezza-massima-25-meter","11":"pa_colore-fioritura-weis","12":"pa_condizionamento-clt-de","13":"pa_condizionamento-m-de","14":"pa_famiglia-leguminosae-de","15":"pa_genere-robinia-de","16":"pa_inquinamento-bestaendigkeit-gegen-smog","17":"pa_origine-frankreich","18":"pa_periodo-fioritura-august-de","19":"pa_periodo-fioritura-juli","20":"pa_periodo-fioritura-juni","21":"pa_periodo-fioritura-september-de","22":"pa_portamento-arrotondato-de","23":"pa_profumo-intensiv","24":"pa_resistenza-climatica-sehr-hoch","25":"pa_salinita-bestaendigkeit-in-meeresluft","26":"pa_utilizzo-alleen","27":"pa_utilizzo-parks-de","29":"first","30":"instock","31":"purchasable","32":"product-type-simple"},"acf":[],"_links":{"self":[{"href":"https:\/\/innocentiemangonipiante.it\/de\/wp-json\/wp\/v2\/product\/15534","targetHints":{"allow":["GET"]}}],"collection":[{"href":"https:\/\/innocentiemangonipiante.it\/de\/wp-json\/wp\/v2\/product"}],"about":[{"href":"https:\/\/innocentiemangonipiante.it\/de\/wp-json\/wp\/v2\/types\/product"}],"wp:featuredmedia":[{"embeddable":true,"href":"https:\/\/innocentiemangonipiante.it\/de\/wp-json\/wp\/v2\/media\/24555"}],"wp:attachment":[{"href":"https:\/\/innocentiemangonipiante.it\/de\/wp-json\/wp\/v2\/media?parent=15534"}],"wp:term":[{"taxonomy":"product_brand","embeddable":true,"href":"https:\/\/innocentiemangonipiante.it\/de\/wp-json\/wp\/v2\/product_brand?post=15534"},{"taxonomy":"product_cat","embeddable":true,"href":"https:\/\/innocentiemangonipiante.it\/de\/wp-json\/wp\/v2\/product_cat?post=15534"},{"taxonomy":"product_tag","embeddable":true,"href":"https:\/\/innocentiemangonipiante.it\/de\/wp-json\/wp\/v2\/product_tag?post=15534"}],"curies":[{"name":"wp","href":"https:\/\/api.w.org\/{rel}","templated":true}]}}