{"id":15536,"date":"2023-11-04T02:57:43","date_gmt":"2023-11-04T01:57:43","guid":{"rendered":"http:\/\/innocentiemangonipiante.it\/robinia-pseudoacacia-monophylla\/"},"modified":"2023-11-08T13:05:33","modified_gmt":"2023-11-08T12:05:33","slug":"robinia-pseudoacacia-monophylla","status":"publish","type":"product","link":"https:\/\/innocentiemangonipiante.it\/de\/robinia-pseudoacacia-monophylla\/","title":{"rendered":"ROBINIA pseudoacacia &#8218;Monophylla&#8216;"},"content":{"rendered":"<p>Einbl\u00e4ttrig. Dornlose, schnellwachsende Strassenakazie. Sehr gute Herbstf\u00e4rbung. Gut f\u00fcr Alleen in schwierigen Umgebungen geeignet.<\/p>\n","protected":false},"excerpt":{"rendered":"<p>Einbl\u00e4ttrig. Dornlose, schnellwachsende Strassenakazie. Sehr gute Herbstf\u00e4rbung. Gut f\u00fcr Alleen in schwierigen Umgebungen geeignet.<\/p>\n","protected":false},"featured_media":5351,"template":"","meta":{"_acf_changed":false},"product_brand":[],"product_cat":[8813],"product_tag":[10898],"class_list":{"0":"post-15536","1":"product","2":"type-product","3":"status-publish","4":"has-post-thumbnail","6":"product_cat-laubbaume-und-straucher","7":"product_tag-naturlichen","8":"pa_altezza-massima-15-meter","9":"pa_altezza-massima-20-meter","10":"pa_colore-fioritura-weis","11":"pa_famiglia-leguminosae-de","12":"pa_genere-robinia-de","13":"pa_inquinamento-bestaendigkeit-gegen-smog","14":"pa_origine-europe-de","15":"pa_periodo-fioritura-juni","16":"pa_periodo-fioritura-mai-de","17":"pa_portamento-arrotondato-de","18":"pa_profumo-intensiv","19":"pa_resistenza-climatica-sehr-hoch","20":"pa_resistenza-del-suolo-bestandig-gegen-kalkhaltige-boden","21":"pa_resistenza-del-suolo-resistent-gegen-arme-boeden","22":"pa_salinita-bestaendigkeit-in-meeresluft","23":"pa_utilizzo-alleen","24":"pa_utilizzo-parks-de","26":"first","27":"instock","28":"purchasable","29":"product-type-simple"},"acf":[],"_links":{"self":[{"href":"https:\/\/innocentiemangonipiante.it\/de\/wp-json\/wp\/v2\/product\/15536","targetHints":{"allow":["GET"]}}],"collection":[{"href":"https:\/\/innocentiemangonipiante.it\/de\/wp-json\/wp\/v2\/product"}],"about":[{"href":"https:\/\/innocentiemangonipiante.it\/de\/wp-json\/wp\/v2\/types\/product"}],"wp:featuredmedia":[{"embeddable":true,"href":"https:\/\/innocentiemangonipiante.it\/de\/wp-json\/wp\/v2\/media\/5351"}],"wp:attachment":[{"href":"https:\/\/innocentiemangonipiante.it\/de\/wp-json\/wp\/v2\/media?parent=15536"}],"wp:term":[{"taxonomy":"product_brand","embeddable":true,"href":"https:\/\/innocentiemangonipiante.it\/de\/wp-json\/wp\/v2\/product_brand?post=15536"},{"taxonomy":"product_cat","embeddable":true,"href":"https:\/\/innocentiemangonipiante.it\/de\/wp-json\/wp\/v2\/product_cat?post=15536"},{"taxonomy":"product_tag","embeddable":true,"href":"https:\/\/innocentiemangonipiante.it\/de\/wp-json\/wp\/v2\/product_tag?post=15536"}],"curies":[{"name":"wp","href":"https:\/\/api.w.org\/{rel}","templated":true}]}}