{"id":15538,"date":"2023-11-04T02:57:20","date_gmt":"2023-11-04T01:57:20","guid":{"rendered":"http:\/\/innocentiemangonipiante.it\/robinia-pseudoacacia-casque-rouge\/"},"modified":"2023-11-08T13:05:26","modified_gmt":"2023-11-08T12:05:26","slug":"robinia-pseudoacacia-casque-rouge","status":"publish","type":"product","link":"https:\/\/innocentiemangonipiante.it\/de\/robinia-pseudoacacia-casque-rouge\/","title":{"rendered":"ROBINIA pseudoacacia &#8218;Casque Rouge&#8216; \u00ae"},"content":{"rendered":"<p>Rundlicher Baum mit jungen borstigen Zweigen und mittelgr\u00fcnen Fiederbl\u00e4ttern, die bis 20 cm lang werden und aus 15-20 eif\u00f6rmigen Bl\u00e4ttchen bestehen. Im Mai-Juni sprie\u00dfen duftende purpurrosa Bl\u00fcten in herabh\u00e4ngenden Trauben.<\/p>\n","protected":false},"excerpt":{"rendered":"<p>Rundlicher Baum mit jungen borstigen Zweigen und mittelgr\u00fcnen Fiederbl\u00e4ttern, die bis 20 cm lang werden und aus 15-20 eif\u00f6rmigen Bl\u00e4ttchen bestehen. Im Mai-Juni sprie\u00dfen duftende purpurrosa Bl\u00fcten in herabh\u00e4ngenden Trauben.<\/p>\n","protected":false},"featured_media":5339,"template":"","meta":{"_acf_changed":false},"product_brand":[],"product_cat":[8813],"product_tag":[10898],"class_list":{"0":"post-15538","1":"product","2":"type-product","3":"status-publish","4":"has-post-thumbnail","6":"product_cat-laubbaume-und-straucher","7":"product_tag-naturlichen","8":"pa_altezza-massima-800-de","9":"pa_altezza-massima-1000-de-2","10":"pa_colore-fioritura-magenta-de","11":"pa_famiglia-leguminosae-de","12":"pa_genere-robinia-de","13":"pa_inquinamento-bestaendigkeit-gegen-smog","14":"pa_origine-u-s-a","15":"pa_periodo-fioritura-juni","16":"pa_periodo-fioritura-mai-de","17":"pa_portamento-arrotondato-de","18":"pa_profumo-intensiv","19":"pa_resistenza-climatica-sehr-hoch","20":"pa_resistenza-del-suolo-bestandig-gegen-kalkhaltige-boden","21":"pa_resistenza-del-suolo-resistent-gegen-arme-boeden","22":"pa_salinita-bestaendigkeit-in-meeresluft","23":"pa_utilizzo-alleen","24":"pa_utilizzo-kleine-gaerten","26":"first","27":"instock","28":"purchasable","29":"product-type-simple"},"acf":[],"_links":{"self":[{"href":"https:\/\/innocentiemangonipiante.it\/de\/wp-json\/wp\/v2\/product\/15538","targetHints":{"allow":["GET"]}}],"collection":[{"href":"https:\/\/innocentiemangonipiante.it\/de\/wp-json\/wp\/v2\/product"}],"about":[{"href":"https:\/\/innocentiemangonipiante.it\/de\/wp-json\/wp\/v2\/types\/product"}],"wp:featuredmedia":[{"embeddable":true,"href":"https:\/\/innocentiemangonipiante.it\/de\/wp-json\/wp\/v2\/media\/5339"}],"wp:attachment":[{"href":"https:\/\/innocentiemangonipiante.it\/de\/wp-json\/wp\/v2\/media?parent=15538"}],"wp:term":[{"taxonomy":"product_brand","embeddable":true,"href":"https:\/\/innocentiemangonipiante.it\/de\/wp-json\/wp\/v2\/product_brand?post=15538"},{"taxonomy":"product_cat","embeddable":true,"href":"https:\/\/innocentiemangonipiante.it\/de\/wp-json\/wp\/v2\/product_cat?post=15538"},{"taxonomy":"product_tag","embeddable":true,"href":"https:\/\/innocentiemangonipiante.it\/de\/wp-json\/wp\/v2\/product_tag?post=15538"}],"curies":[{"name":"wp","href":"https:\/\/api.w.org\/{rel}","templated":true}]}}